{"id":506,"date":"2023-06-17T17:37:57","date_gmt":"2023-06-17T15:37:57","guid":{"rendered":"https:\/\/cycle-leipzig.com\/preguntas-y-respuestas-sobre-el-alquiler-de-bicicletas\/"},"modified":"2024-01-04T17:34:26","modified_gmt":"2024-01-04T16:34:26","slug":"preguntas-y-respuestas-sobre-el-alquiler-de-bicicletas","status":"publish","type":"page","link":"https:\/\/cycle-leipzig.com\/es\/preguntas-y-respuestas-sobre-el-alquiler-de-bicicletas\/","title":{"rendered":"Preguntas y respuestas sobre el alquiler de bicicletas"},"content":{"rendered":"\n<div class=\"wp-block-columns is-layout-flex wp-container-core-columns-is-layout-9d6595d7 wp-block-columns-is-layout-flex\">\n<div class=\"wp-block-column is-vertically-aligned-center is-layout-flow wp-block-column-is-layout-flow\">\n<p class=\"FAQtext has-large-font-size\"><strong>\u00bfNecesito un documento de identidad?<\/strong><\/p>\n\n\n\n<p class=\"has-medium-font-size\"><em>S\u00ed, necesitar\u00e1 un documento de identidad para la entrega. Lamentablemente, un permiso de conducir, pasaporte u otro documento no servir\u00e1. Guardamos una copia escaneada de la tarjeta de identificaci\u00f3n y la borramos en un plazo de 7 d\u00edas desde la devoluci\u00f3n de la bicicleta de alquiler.<\/em><\/p>\n\n\n\n<div style=\"height:100px\" aria-hidden=\"true\" class=\"wp-block-spacer\"><\/div>\n\n\n\n<p class=\"FAQtext has-large-font-size\"><strong>\u00bfTengo que pagar una fianza?<\/strong><\/p>\n\n\n\n<p class=\"has-medium-font-size\"><em>No, no cobramos fianza.<\/em><\/p>\n\n\n\n<div style=\"height:100px\" aria-hidden=\"true\" class=\"wp-block-spacer\"><\/div>\n\n\n\n<p class=\"FAQtext has-large-font-size\"><strong>\u00bfCu\u00e1ndo tengo que pagar?<\/strong><\/p>\n\n\n\n<p class=\"has-medium-font-size\"><em>Para reservas a corto plazo (menos de 2 d\u00edas), puede elegir pagar directamente en el momento de la reserva con PayPal o en nuestra tienda en efectivo, con tarjeta de cr\u00e9dito o d\u00e9bito.  <\/em><br\/><em>Para reservas anteriores, puede pagar a trav\u00e9s de PayPal directamente al realizar el pedido o le enviaremos un enlace de pago despu\u00e9s de la reserva.  <\/em><\/p>\n\n\n\n<p class=\"has-medium-font-size\"><em><strong>Tenga en cuenta lo siguiente:<\/strong> Su reserva es vinculante en cualquier caso. La cancelaci\u00f3n siempre es posible sin cargo alguno hasta 48 horas antes del inicio del periodo de alquiler. Si ya ha pagado, le devolveremos el precio del alquiler inmediatamente.  <\/em><\/p>\n\n\n\n<div style=\"height:100px\" aria-hidden=\"true\" class=\"wp-block-spacer\"><\/div>\n\n\n\n<p class=\"FAQtext has-large-font-size\"><strong>\u00bfPuedo devolver la bicicleta fuera del horario de apertura?<\/strong><\/p>\n\n\n\n<p class=\"has-medium-font-size\"><em>S\u00ed, tambi\u00e9n puede devolver las bicicletas de alquiler todos los d\u00edas entre las 10:00 y las 18:00. Esto tambi\u00e9n es posible los d\u00edas en que la tienda est\u00e1 cerrada.  <\/em><\/p>\n\n\n\n<div style=\"height:100px\" aria-hidden=\"true\" class=\"wp-block-spacer\"><\/div>\n\n\n\n<p class=\"FAQtext has-large-font-size\"><strong>\u00bfPuedo llevarme el cargador de la eBike?<\/strong><\/p>\n\n\n\n<p class=\"has-medium-font-size\"><em>Normalmente no proporcionamos cargadores para el alquiler diario de bicicletas. Si est\u00e1 planeando viajes largos, simplemente pida el cargador y estaremos encantados de d\u00e1rselo.<\/em><\/p>\n\n\n\n<div style=\"height:100px\" aria-hidden=\"true\" class=\"wp-block-spacer\"><\/div>\n\n\n\n<p class=\"FAQtext has-large-font-size\"><strong>\u00bfPuedo alquilar un casco?<\/strong><\/p>\n\n\n\n<p class=\"has-medium-font-size\"><em>S\u00ed, tambi\u00e9n puede pedir un casco al hacer la reserva.  <\/em><\/p>\n\n\n\n<div style=\"height:100px\" aria-hidden=\"true\" class=\"wp-block-spacer\"><\/div>\n\n\n\n<h2 class=\"wp-block-heading FAQtext has-large-font-size\">Preguntas y respuestas sobre responsabilidad<\/h2>\n\n\n\n<div style=\"height:50px\" aria-hidden=\"true\" class=\"wp-block-spacer\"><\/div>\n\n\n\n<p class=\"has-text-color has-medium-font-size\" style=\"color:#666666\"><strong>\u00bfEst\u00e1 asegurada la moto contra robo durante el periodo de alquiler?<\/strong><\/p>\n\n\n\n<p class=\"has-medium-font-size\"><em>S\u00ed, todas las bicicletas est\u00e1n aseguradas contra robo, en caso de robo se cobrar\u00e1n 50,00 EUR en concepto de gastos de gesti\u00f3n. Para que se aplique el seguro, la bicicleta debe estar sujeta a un objeto fijo.<\/em><\/p>\n\n\n\n<div style=\"height:50px\" aria-hidden=\"true\" class=\"wp-block-spacer\"><\/div>\n\n\n\n<p class=\"has-text-color has-medium-font-size\" style=\"color:#666666\"><strong>\u00bfQu\u00e9 debo hacer en caso de robo?<\/strong><\/p>\n\n\n\n<p>Tienes que hacer fotos de la escena del crimen y del castillo destruido. Despu\u00e9s, ll\u00e1menos y presente una denuncia ante la polic\u00eda.<\/p>\n\n\n\n<div style=\"height:50px\" aria-hidden=\"true\" class=\"wp-block-spacer\"><\/div>\n\n\n\n<p class=\"has-text-color has-medium-font-size\" style=\"color:#666666\"><strong>\u00bfDe qu\u00e9 da\u00f1os a la moto soy responsable?<\/strong><\/p>\n\n\n\n<p>La bicicleta suele estar asegurada contra da\u00f1os y accidentes. Sin embargo, como la tramitaci\u00f3n a trav\u00e9s de la compa\u00f1\u00eda de seguros es bastante complicada, cobramos una tasa de tramitaci\u00f3n de 50,00 euros por da\u00f1os. En caso de da\u00f1os menores (por ejemplo, pinchazo de neum\u00e1ticos), no merece la pena recurrir a la compa\u00f1\u00eda de seguros. Por lo tanto, deber\u00e1 correr con estos gastos.<br\/>Ejemplos de da\u00f1os menores:<br\/>Neum\u00e1tico pinchado: 24,95 EUR<br\/>P\u00e9rdida de la llave: 39,90 EUR<br\/>Limpieza por suciedad intensa: 29,95 EUR<br\/>El seguro no se hace responsable de las negligencias graves, como conducir bajo los efectos del alcohol o las drogas.<\/p>\n\n\n\n<div style=\"height:100px\" aria-hidden=\"true\" class=\"wp-block-spacer\"><\/div>\n<\/div>\n<\/div>\n","protected":false},"excerpt":{"rendered":"<p>\u00bfNecesito un documento de identidad? S\u00ed, necesitar\u00e1 un documento de identidad para la entrega. Lamentablemente, un permiso de conducir, pasaporte u otro documento no servir\u00e1. Guardamos una copia escaneada de la tarjeta de identificaci\u00f3n y la borramos en un plazo de 7 d\u00edas desde la devoluci\u00f3n de la bicicleta de alquiler. \u00bfTengo que pagar una&#8230;<\/p>\n","protected":false},"author":1,"featured_media":478,"parent":0,"menu_order":0,"comment_status":"closed","ping_status":"closed","template":"","meta":{"_kad_post_transparent":"","_kad_post_title":"","_kad_post_layout":"","_kad_post_sidebar_id":"","_kad_post_content_style":"","_kad_post_vertical_padding":"","_kad_post_feature":"","_kad_post_feature_position":"","_kad_post_header":false,"_kad_post_footer":false,"footnotes":""},"class_list":["post-506","page","type-page","status-publish","has-post-thumbnail","hentry"],"yoast_head":"<!-- This site is optimized with the Yoast SEO plugin v21.9.1 - https:\/\/yoast.com\/wordpress\/plugins\/seo\/ -->\n<title>Preguntas y respuestas sobre el alquiler de bicicletas - Cycle-Leipzig.de - Rent a Bike<\/title>\n<meta name=\"robots\" content=\"noindex, follow, max-snippet:-1, max-image-preview:large, max-video-preview:-1\" \/>\n<meta property=\"og:locale\" content=\"es_ES\" \/>\n<meta property=\"og:type\" content=\"article\" \/>\n<meta property=\"og:title\" content=\"Preguntas y respuestas sobre el alquiler de bicicletas - Cycle-Leipzig.de - Rent a Bike\" \/>\n<meta property=\"og:description\" content=\"\u00bfNecesito un documento de identidad? S\u00ed, necesitar\u00e1 un documento de identidad para la entrega. Lamentablemente, un permiso de conducir, pasaporte u otro documento no servir\u00e1. Guardamos una copia escaneada de la tarjeta de identificaci\u00f3n y la borramos en un plazo de 7 d\u00edas desde la devoluci\u00f3n de la bicicleta de alquiler. \u00bfTengo que pagar una...\" \/>\n<meta property=\"og:url\" content=\"https:\/\/cycle-leipzig.com\/es\/preguntas-y-respuestas-sobre-el-alquiler-de-bicicletas\/\" \/>\n<meta property=\"og:site_name\" content=\"Cycle-Leipzig.de - Rent a Bike\" \/>\n<meta property=\"article:modified_time\" content=\"2024-01-04T16:34:26+00:00\" \/>\n<meta property=\"og:image\" content=\"https:\/\/cycle-leipzig.com\/wp-content\/uploads\/2023\/07\/20190421_183953_5-jpg.webp\" \/>\n\t<meta property=\"og:image:width\" content=\"1903\" \/>\n\t<meta property=\"og:image:height\" content=\"2012\" \/>\n\t<meta property=\"og:image:type\" content=\"image\/jpeg\" \/>\n<meta name=\"twitter:card\" content=\"summary_large_image\" \/>\n<meta name=\"twitter:label1\" content=\"Tiempo de lectura\" \/>\n\t<meta name=\"twitter:data1\" content=\"2 minutos\" \/>\n<script type=\"application\/ld+json\" class=\"yoast-schema-graph\">{\"@context\":\"https:\/\/schema.org\",\"@graph\":[{\"@type\":\"WebPage\",\"@id\":\"https:\/\/cycle-leipzig.com\/es\/preguntas-y-respuestas-sobre-el-alquiler-de-bicicletas\/\",\"url\":\"https:\/\/cycle-leipzig.com\/es\/preguntas-y-respuestas-sobre-el-alquiler-de-bicicletas\/\",\"name\":\"Preguntas y respuestas sobre el alquiler de bicicletas - Cycle-Leipzig.de - Rent a Bike\",\"isPartOf\":{\"@id\":\"https:\/\/cycle-leipzig.com\/es\/#website\"},\"datePublished\":\"2023-06-17T15:37:57+00:00\",\"dateModified\":\"2024-01-04T16:34:26+00:00\",\"breadcrumb\":{\"@id\":\"https:\/\/cycle-leipzig.com\/es\/preguntas-y-respuestas-sobre-el-alquiler-de-bicicletas\/#breadcrumb\"},\"inLanguage\":\"es\",\"potentialAction\":[{\"@type\":\"ReadAction\",\"target\":[\"https:\/\/cycle-leipzig.com\/es\/preguntas-y-respuestas-sobre-el-alquiler-de-bicicletas\/\"]}]},{\"@type\":\"BreadcrumbList\",\"@id\":\"https:\/\/cycle-leipzig.com\/es\/preguntas-y-respuestas-sobre-el-alquiler-de-bicicletas\/#breadcrumb\",\"itemListElement\":[{\"@type\":\"ListItem\",\"position\":1,\"name\":\"Startseite\",\"item\":\"https:\/\/cycle-leipzig.com\/es\/home\/\"},{\"@type\":\"ListItem\",\"position\":2,\"name\":\"Preguntas y respuestas sobre el alquiler de bicicletas\"}]},{\"@type\":\"WebSite\",\"@id\":\"https:\/\/cycle-leipzig.com\/es\/#website\",\"url\":\"https:\/\/cycle-leipzig.com\/es\/\",\"name\":\"Cycle-Leipzig.de - Rent a Bike\",\"description\":\"eBike &amp; Fahrrad mieten in Leipzig Zentrum\",\"publisher\":{\"@id\":\"https:\/\/cycle-leipzig.com\/es\/#organization\"},\"alternateName\":\"Fahrrad oder E-Bike mieten im Zentrum von Leipzig\",\"potentialAction\":[{\"@type\":\"SearchAction\",\"target\":{\"@type\":\"EntryPoint\",\"urlTemplate\":\"https:\/\/cycle-leipzig.com\/es\/?s={search_term_string}\"},\"query-input\":\"required name=search_term_string\"}],\"inLanguage\":\"es\"},{\"@type\":\"Organization\",\"@id\":\"https:\/\/cycle-leipzig.com\/es\/#organization\",\"name\":\"Cycle-Leipzig.de powerd by eBike-Haus.de GmbH\",\"url\":\"https:\/\/cycle-leipzig.com\/es\/\",\"logo\":{\"@type\":\"ImageObject\",\"inLanguage\":\"es\",\"@id\":\"https:\/\/cycle-leipzig.com\/es\/#\/schema\/logo\/image\/\",\"url\":\"https:\/\/cycle-leipzig.com\/wp-content\/uploads\/2023\/09\/Cycle-Leipzig_Logo.png\",\"contentUrl\":\"https:\/\/cycle-leipzig.com\/wp-content\/uploads\/2023\/09\/Cycle-Leipzig_Logo.png\",\"width\":2000,\"height\":1576,\"caption\":\"Cycle-Leipzig.de powerd by eBike-Haus.de GmbH\"},\"image\":{\"@id\":\"https:\/\/cycle-leipzig.com\/es\/#\/schema\/logo\/image\/\"}}]}<\/script>\n<!-- \/ Yoast SEO plugin. -->","yoast_head_json":{"title":"Preguntas y respuestas sobre el alquiler de bicicletas - Cycle-Leipzig.de - Rent a Bike","robots":{"index":"noindex","follow":"follow","max-snippet":"max-snippet:-1","max-image-preview":"max-image-preview:large","max-video-preview":"max-video-preview:-1"},"og_locale":"es_ES","og_type":"article","og_title":"Preguntas y respuestas sobre el alquiler de bicicletas - Cycle-Leipzig.de - Rent a Bike","og_description":"\u00bfNecesito un documento de identidad? S\u00ed, necesitar\u00e1 un documento de identidad para la entrega. Lamentablemente, un permiso de conducir, pasaporte u otro documento no servir\u00e1. Guardamos una copia escaneada de la tarjeta de identificaci\u00f3n y la borramos en un plazo de 7 d\u00edas desde la devoluci\u00f3n de la bicicleta de alquiler. \u00bfTengo que pagar una...","og_url":"https:\/\/cycle-leipzig.com\/es\/preguntas-y-respuestas-sobre-el-alquiler-de-bicicletas\/","og_site_name":"Cycle-Leipzig.de - Rent a Bike","article_modified_time":"2024-01-04T16:34:26+00:00","og_image":[{"width":1903,"height":2012,"url":"https:\/\/cycle-leipzig.com\/wp-content\/uploads\/2023\/07\/20190421_183953_5-jpg.webp","type":"image\/jpeg"}],"twitter_card":"summary_large_image","twitter_misc":{"Tiempo de lectura":"2 minutos"},"schema":{"@context":"https:\/\/schema.org","@graph":[{"@type":"WebPage","@id":"https:\/\/cycle-leipzig.com\/es\/preguntas-y-respuestas-sobre-el-alquiler-de-bicicletas\/","url":"https:\/\/cycle-leipzig.com\/es\/preguntas-y-respuestas-sobre-el-alquiler-de-bicicletas\/","name":"Preguntas y respuestas sobre el alquiler de bicicletas - Cycle-Leipzig.de - Rent a Bike","isPartOf":{"@id":"https:\/\/cycle-leipzig.com\/es\/#website"},"datePublished":"2023-06-17T15:37:57+00:00","dateModified":"2024-01-04T16:34:26+00:00","breadcrumb":{"@id":"https:\/\/cycle-leipzig.com\/es\/preguntas-y-respuestas-sobre-el-alquiler-de-bicicletas\/#breadcrumb"},"inLanguage":"es","potentialAction":[{"@type":"ReadAction","target":["https:\/\/cycle-leipzig.com\/es\/preguntas-y-respuestas-sobre-el-alquiler-de-bicicletas\/"]}]},{"@type":"BreadcrumbList","@id":"https:\/\/cycle-leipzig.com\/es\/preguntas-y-respuestas-sobre-el-alquiler-de-bicicletas\/#breadcrumb","itemListElement":[{"@type":"ListItem","position":1,"name":"Startseite","item":"https:\/\/cycle-leipzig.com\/es\/home\/"},{"@type":"ListItem","position":2,"name":"Preguntas y respuestas sobre el alquiler de bicicletas"}]},{"@type":"WebSite","@id":"https:\/\/cycle-leipzig.com\/es\/#website","url":"https:\/\/cycle-leipzig.com\/es\/","name":"Cycle-Leipzig.de - Rent a Bike","description":"eBike &amp; Fahrrad mieten in Leipzig Zentrum","publisher":{"@id":"https:\/\/cycle-leipzig.com\/es\/#organization"},"alternateName":"Fahrrad oder E-Bike mieten im Zentrum von Leipzig","potentialAction":[{"@type":"SearchAction","target":{"@type":"EntryPoint","urlTemplate":"https:\/\/cycle-leipzig.com\/es\/?s={search_term_string}"},"query-input":"required name=search_term_string"}],"inLanguage":"es"},{"@type":"Organization","@id":"https:\/\/cycle-leipzig.com\/es\/#organization","name":"Cycle-Leipzig.de powerd by eBike-Haus.de GmbH","url":"https:\/\/cycle-leipzig.com\/es\/","logo":{"@type":"ImageObject","inLanguage":"es","@id":"https:\/\/cycle-leipzig.com\/es\/#\/schema\/logo\/image\/","url":"https:\/\/cycle-leipzig.com\/wp-content\/uploads\/2023\/09\/Cycle-Leipzig_Logo.png","contentUrl":"https:\/\/cycle-leipzig.com\/wp-content\/uploads\/2023\/09\/Cycle-Leipzig_Logo.png","width":2000,"height":1576,"caption":"Cycle-Leipzig.de powerd by eBike-Haus.de GmbH"},"image":{"@id":"https:\/\/cycle-leipzig.com\/es\/#\/schema\/logo\/image\/"}}]}},"_links":{"self":[{"href":"https:\/\/cycle-leipzig.com\/es\/wp-json\/wp\/v2\/pages\/506","targetHints":{"allow":["GET"]}}],"collection":[{"href":"https:\/\/cycle-leipzig.com\/es\/wp-json\/wp\/v2\/pages"}],"about":[{"href":"https:\/\/cycle-leipzig.com\/es\/wp-json\/wp\/v2\/types\/page"}],"author":[{"embeddable":true,"href":"https:\/\/cycle-leipzig.com\/es\/wp-json\/wp\/v2\/users\/1"}],"replies":[{"embeddable":true,"href":"https:\/\/cycle-leipzig.com\/es\/wp-json\/wp\/v2\/comments?post=506"}],"version-history":[{"count":1,"href":"https:\/\/cycle-leipzig.com\/es\/wp-json\/wp\/v2\/pages\/506\/revisions"}],"predecessor-version":[{"id":509,"href":"https:\/\/cycle-leipzig.com\/es\/wp-json\/wp\/v2\/pages\/506\/revisions\/509"}],"wp:featuredmedia":[{"embeddable":true,"href":"https:\/\/cycle-leipzig.com\/es\/wp-json\/wp\/v2\/media\/478"}],"wp:attachment":[{"href":"https:\/\/cycle-leipzig.com\/es\/wp-json\/wp\/v2\/media?parent=506"}],"curies":[{"name":"wp","href":"https:\/\/api.w.org\/{rel}","templated":true}]}}