{"id":511,"date":"2023-06-17T17:37:59","date_gmt":"2023-06-17T15:37:59","guid":{"rendered":"https:\/\/cycle-leipzig.com\/alquilar-bicicletas-electricas-en-leipzig\/"},"modified":"2024-01-03T12:26:12","modified_gmt":"2024-01-03T11:26:12","slug":"alquilar-bicicletas-electricas-en-leipzig","status":"publish","type":"page","link":"https:\/\/cycle-leipzig.com\/es\/alquilar-bicicletas-electricas-en-leipzig\/","title":{"rendered":"Alquilar bicicletas el\u00e9ctricas en Leipzig"},"content":{"rendered":"<div id=\"ca-sidebar-327\" class=\"\"><div id=\"vikwp_icons-12\" class=\"widget-container widget_vikwp_icons\">\n\t<div id=\"vikic_container-107\" class=\"vikicons-container container\">\n\t\t\t\t<div class=\"vikicons-inner container-fluid\">\n\t\t\t<div class=\"vikicons-set d-flex flex-wrap vikicons-align-center\">\n\t\t\t    <div class=\"vikicons-item col-xs-6 col-md-2 vikicons-45 vikicons-default\"><div class=\"vikicons-item-inner vikicons-item-top\"><div class=\"vikicons-item-icon\"><span class=\"vikicons-item-icoelem\" style=\"height:45px; width:45px;\"><i class=\"fas fa-map-marked\" style=\"font-size: 45px;\"><\/i><\/span><\/div><div class=\"vikicons-item-text\"><h3>Zentral in Leipzig<\/h3><\/div><\/div><\/div><div class=\"vikicons-item col-xs-6 col-md-2 vikicons-45 vikicons-default\"><div class=\"vikicons-item-inner vikicons-item-top\"><div class=\"vikicons-item-icon\"><span class=\"vikicons-item-icoelem\" style=\"height:45px; width:45px;\"><i class=\"fas fa-bicycle\" style=\"font-size: 45px;\"><\/i><\/span><\/div><div class=\"vikicons-item-text\"><h3>Gro\u00dfe Auswahl<\/h3><\/div><\/div><\/div><div class=\"vikicons-item col-xs-6 col-md-2 vikicons-45 vikicons-default\"><div class=\"vikicons-item-inner vikicons-item-top\"><div class=\"vikicons-item-icon\"><span class=\"vikicons-item-icoelem\" style=\"height:45px; width:45px;\"><i class=\"fas fa-mobile\" style=\"font-size: 45px;\"><\/i><\/span><\/div><div class=\"vikicons-item-text\"><h3>Smartphone Halterung<\/h3><\/div><\/div><\/div><div class=\"vikicons-item col-xs-6 col-md-2 vikicons-45 vikicons-default\"><div class=\"vikicons-item-inner vikicons-item-top\"><div class=\"vikicons-item-icon\"><span class=\"vikicons-item-icoelem\" style=\"height:45px; width:45px;\"><i class=\"fa fa-lock\" style=\"font-size: 45px;\"><\/i><\/span><\/div><div class=\"vikicons-item-text\"><h3>Schloss inklusive<\/h3><\/div><\/div><\/div><div class=\"vikicons-item col-xs-6 col-md-2 vikicons-45 vikicons-default\"><div class=\"vikicons-item-inner vikicons-item-top\"><div class=\"vikicons-item-icon\"><span class=\"vikicons-item-icoelem\" style=\"height:45px; width:45px;\"><i class=\"fa fa-shield-alt\" style=\"font-size: 45px;\"><\/i><\/span><\/div><div class=\"vikicons-item-text\"><h3>Diebstahlversicherung inklusive<\/h3><\/div><\/div><\/div><div class=\"vikicons-item col-xs-6 col-md-2 vikicons-45 vikicons-default\"><div class=\"vikicons-item-inner vikicons-item-top\"><div class=\"vikicons-item-icon\"><span class=\"vikicons-item-icoelem\" style=\"height:45px; width:45px;\"><i class=\"fa fa-handshake\" style=\"font-size: 45px;\"><\/i><\/span><\/div><div class=\"vikicons-item-text\"><h3>sofortige\u00a0Best\u00e4tigung<\/h3><\/div><\/div><\/div>\t\t\t<\/div>\n\t\t<\/div>\n\t<\/div>\n\n<script>\n\/** Add Class to widget container **\/\njQuery(document).ready(function() {\n\tif ( jQuery('#vikic_container-107').parents('.module').length ) {\n\t\tjQuery('#vikic_container-107').parents('.module').addClass('');\n\t} else {\n\t\tjQuery('#vikic_container-107').parent('div').addClass('');\n\t}\n\t\n});\n<\/script><\/div><div id=\"block-17\" class=\"widget-container widget_block\">\n<div style=\"height:100px\" aria-hidden=\"true\" class=\"wp-block-spacer\"><\/div>\n<\/div><div id=\"nav_menu-17\" class=\"widget-container widget_nav_menu\"><div class=\"menu-top-menu-container\"><ul id=\"menu-top-menu\" class=\"menu\"><li id=\"menu-item-98\" class=\"menu-item menu-item-type-custom menu-item-object-custom menu-item-98\"><a href=\"tel:+4934197852530\">Fon: 0341 97852530<\/a><\/li>\n<\/ul><\/div><\/div><\/div>\n\n<div class=\"wrap plugin-container\">\n\n\t\n\t\n\t<div class=\"vri-page-content\">\r\n<h3 class=\"vri-page-head-title\">Cycle-Leipzig.de<\/h3>\t<div class=\"vrilistcontainer\">\r\n\t\t<div class=\"vri-list-item-block\">\r\n\t\t\t<div class=\"vri-list-item-inner\">\r\n\t\t\t\t\t\t\t<div class=\"vri-list-item-img\">\r\n\t\t\t\t\t<img decoding=\"async\" src=\"https:\/\/cycle-leipzig.com\/wp-content\/plugins\/vikrentitems\/admin\/resources\/vthumb_2fahrrad_city_diagonal.png\" alt=\"\" class=\"vrilistimg\"\/>\r\n\t\t\t\t<\/div>\r\n\t\t\t\t\t\t\t\t<div class=\"vri-list-item-descr\">\r\n\t\t\t\t\t<span class=\"vrilistitemname\">Damenrad 28 Zoll<\/span>\r\n\t\t\t\t\t<span class=\"vrilistitemcat\">Fahrrad (ohne Motor)<\/span>\r\n\t\t\t\t\t<div class=\"vrilistitemdescr\">\r\n\t\t\t\t\t\t<p>K\u00f6rpergr\u00f6\u00dfe: 1,65m - 1,90, Nabenschaltung, R\u00fccktritt<\/p>\n\t\t\t\t\t<\/div>\r\n\t\t\t\t\t\t\t\t\t<div class=\"vrilistitemcarats\"><ul class=\"vriulcarats\">\n<li>Citybike<\/li>\n<\/ul>\n<\/div>\r\n\t\t\t\t\t\t\t\t\t<\/div>\r\n\t\t\t<\/div>\r\n\t\t\t<div class=\"vri-list-item-cont\">\r\n\t\t\t\t<div class=\"vrilistcostdivcont\">\r\n\t\t\t\t\t\t\t\t\t\t<div class=\"vrilistdivcost\">\r\n\t\t\t\t\t\t<span class=\"vriliststartfrom\">Starting From<\/span>\r\n\t\t\t\t\t\t<span class=\"item_cost\">\u20ac 15,00<\/span>\r\n\t\t\t\t\t\t<span class=\"vriliststartfromtext\">per Day<\/span>\r\n\t\t\t\t\t<\/div>\r\n\t\t\t\t\t\t\t\t\t\t<span class=\"vrilistgoonlist\"><a href=\"https:\/\/cycle-leipzig.com\/es\/alquilar-bicicletas-electricas-en-leipzig\/?option=com_vikrentitems&amp;view=itemdetails&amp;elemid=5\">View Details<\/a><\/span>\r\n\t\t\t\t<\/div>\r\n\t\t\t<\/div>\r\n\t\t<\/div>\r\n\t\t\t<div class=\"vri-list-item-block\">\r\n\t\t\t<div class=\"vri-list-item-inner\">\r\n\t\t\t\t\t\t\t<div class=\"vri-list-item-img\">\r\n\t\t\t\t\t<img decoding=\"async\" src=\"https:\/\/cycle-leipzig.com\/wp-content\/plugins\/vikrentitems\/admin\/resources\/vthumb_2fahrrad_city_diagonal.png\" alt=\"\" class=\"vrilistimg\"\/>\r\n\t\t\t\t<\/div>\r\n\t\t\t\t\t\t\t\t<div class=\"vri-list-item-descr\">\r\n\t\t\t\t\t<span class=\"vrilistitemname\">Damenrad 26 Zoll<\/span>\r\n\t\t\t\t\t<span class=\"vrilistitemcat\">Fahrrad (ohne Motor)<\/span>\r\n\t\t\t\t\t<div class=\"vrilistitemdescr\">\r\n\t\t\t\t\t\t<p>K\u00f6rpergr\u00f6\u00dfe: 1,55m - 1,75, Nabenschaltung, R\u00fccktritt<\/p>\n\t\t\t\t\t<\/div>\r\n\t\t\t\t\t\t\t\t\t<div class=\"vrilistitemcarats\"><ul class=\"vriulcarats\">\n<li>Citybike<\/li>\n<\/ul>\n<\/div>\r\n\t\t\t\t\t\t\t\t\t<\/div>\r\n\t\t\t<\/div>\r\n\t\t\t<div class=\"vri-list-item-cont\">\r\n\t\t\t\t<div class=\"vrilistcostdivcont\">\r\n\t\t\t\t\t\t\t\t\t\t<div class=\"vrilistdivcost\">\r\n\t\t\t\t\t\t<span class=\"vriliststartfrom\">Starting From<\/span>\r\n\t\t\t\t\t\t<span class=\"item_cost\">\u20ac 15,00<\/span>\r\n\t\t\t\t\t\t<span class=\"vriliststartfromtext\">per Day<\/span>\r\n\t\t\t\t\t<\/div>\r\n\t\t\t\t\t\t\t\t\t\t<span class=\"vrilistgoonlist\"><a href=\"https:\/\/cycle-leipzig.com\/es\/alquilar-bicicletas-electricas-en-leipzig\/?option=com_vikrentitems&amp;view=itemdetails&amp;elemid=6\">View Details<\/a><\/span>\r\n\t\t\t\t<\/div>\r\n\t\t\t<\/div>\r\n\t\t<\/div>\r\n\t\t\t<div class=\"vri-list-item-block\">\r\n\t\t\t<div class=\"vri-list-item-inner\">\r\n\t\t\t\t\t\t\t<div class=\"vri-list-item-img\">\r\n\t\t\t\t\t<img decoding=\"async\" src=\"https:\/\/cycle-leipzig.com\/wp-content\/plugins\/vikrentitems\/admin\/resources\/vthumb_fahrrad_mtb_diagonal.png\" alt=\"\" class=\"vrilistimg\"\/>\r\n\t\t\t\t<\/div>\r\n\t\t\t\t\t\t\t\t<div class=\"vri-list-item-descr\">\r\n\t\t\t\t\t<span class=\"vrilistitemname\">Mountainbike 27,5 Zoll<\/span>\r\n\t\t\t\t\t<span class=\"vrilistitemcat\">Fahrrad (ohne Motor)<\/span>\r\n\t\t\t\t\t<div class=\"vrilistitemdescr\">\r\n\t\t\t\t\t\t<p>K\u00f6rpergr\u00f6\u00dfe: 1,65m - 1,90, Kettenschaltung, Scheibenbremsen<\/p>\n\t\t\t\t\t<\/div>\r\n\t\t\t\t\t\t\t\t\t<div class=\"vrilistitemcarats\"><ul class=\"vriulcarats\">\n<li>Mountainbike<\/li>\n<li>Herrenrad<\/li>\n<\/ul>\n<\/div>\r\n\t\t\t\t\t\t\t\t\t<\/div>\r\n\t\t\t<\/div>\r\n\t\t\t<div class=\"vri-list-item-cont\">\r\n\t\t\t\t<div class=\"vrilistcostdivcont\">\r\n\t\t\t\t\t\t\t\t\t\t<div class=\"vrilistdivcost\">\r\n\t\t\t\t\t\t<span class=\"vriliststartfrom\">Starting From<\/span>\r\n\t\t\t\t\t\t<span class=\"item_cost\">\u20ac 19,00<\/span>\r\n\t\t\t\t\t\t<span class=\"vriliststartfromtext\">per Day<\/span>\r\n\t\t\t\t\t<\/div>\r\n\t\t\t\t\t\t\t\t\t\t<span class=\"vrilistgoonlist\"><a href=\"https:\/\/cycle-leipzig.com\/es\/alquilar-bicicletas-electricas-en-leipzig\/?option=com_vikrentitems&amp;view=itemdetails&amp;elemid=7\">View Details<\/a><\/span>\r\n\t\t\t\t<\/div>\r\n\t\t\t<\/div>\r\n\t\t<\/div>\r\n\t\t\t<div class=\"vri-list-item-block\">\r\n\t\t\t<div class=\"vri-list-item-inner\">\r\n\t\t\t\t\t\t\t<div class=\"vri-list-item-img\">\r\n\t\t\t\t\t<img decoding=\"async\" src=\"https:\/\/cycle-leipzig.com\/wp-content\/plugins\/vikrentitems\/admin\/resources\/vthumb_r_1fahrrad_trekking_diagonal.png\" alt=\"\" class=\"vrilistimg\"\/>\r\n\t\t\t\t<\/div>\r\n\t\t\t\t\t\t\t\t<div class=\"vri-list-item-descr\">\r\n\t\t\t\t\t<span class=\"vrilistitemname\">Trekkingrad 28 Zoll<\/span>\r\n\t\t\t\t\t<span class=\"vrilistitemcat\">Fahrrad (ohne Motor)<\/span>\r\n\t\t\t\t\t<div class=\"vrilistitemdescr\">\r\n\t\t\t\t\t\t<p>K\u00f6rpergr\u00f6\u00dfe: 1,70m - 1,90, Kettenschaltung, Scheibenbremsen<\/p>\n\t\t\t\t\t<\/div>\r\n\t\t\t\t\t\t\t\t\t<div class=\"vrilistitemcarats\"><ul class=\"vriulcarats\">\n<li>Herrenrad<\/li>\n<\/ul>\n<\/div>\r\n\t\t\t\t\t\t\t\t\t<\/div>\r\n\t\t\t<\/div>\r\n\t\t\t<div class=\"vri-list-item-cont\">\r\n\t\t\t\t<div class=\"vrilistcostdivcont\">\r\n\t\t\t\t\t\t\t\t\t\t<div class=\"vrilistdivcost\">\r\n\t\t\t\t\t\t<span class=\"vriliststartfrom\">Starting From<\/span>\r\n\t\t\t\t\t\t<span class=\"item_cost\">\u20ac 19,00<\/span>\r\n\t\t\t\t\t\t<span class=\"vriliststartfromtext\">per Day<\/span>\r\n\t\t\t\t\t<\/div>\r\n\t\t\t\t\t\t\t\t\t\t<span class=\"vrilistgoonlist\"><a href=\"https:\/\/cycle-leipzig.com\/es\/alquilar-bicicletas-electricas-en-leipzig\/?option=com_vikrentitems&amp;view=itemdetails&amp;elemid=8\">View Details<\/a><\/span>\r\n\t\t\t\t<\/div>\r\n\t\t\t<\/div>\r\n\t\t<\/div>\r\n\t\t\t<div class=\"vri-list-item-block\">\r\n\t\t\t<div class=\"vri-list-item-inner\">\r\n\t\t\t\t\t\t\t<div class=\"vri-list-item-img\">\r\n\t\t\t\t\t<img decoding=\"async\" src=\"https:\/\/cycle-leipzig.com\/wp-content\/plugins\/vikrentitems\/admin\/resources\/vthumb_2ebike_flair_diagonal.png\" alt=\"\" class=\"vrilistimg\"\/>\r\n\t\t\t\t<\/div>\r\n\t\t\t\t\t\t\t\t<div class=\"vri-list-item-descr\">\r\n\t\t\t\t\t<span class=\"vrilistitemname\">Flair City Bicicleta El\u00e9ctrica<\/span>\r\n\t\t\t\t\t<span class=\"vrilistitemcat\">E-Bike<\/span>\r\n\t\t\t\t\t<div class=\"vrilistitemdescr\">\r\n\t\t\t\t\t\t<p>Altura: 1,60 m - 1,85 m, engranajes de cubo, freno de monta\u00f1a<\/p>\n\t\t\t\t\t<\/div>\r\n\t\t\t\t\t\t\t\t\t<div class=\"vrilistitemcarats\"><ul class=\"vriulcarats\">\n<li>Citybike<\/li>\n<\/ul>\n<\/div>\r\n\t\t\t\t\t\t\t\t\t<\/div>\r\n\t\t\t<\/div>\r\n\t\t\t<div class=\"vri-list-item-cont\">\r\n\t\t\t\t<div class=\"vrilistcostdivcont\">\r\n\t\t\t\t\t\t\t\t\t\t<div class=\"vrilistdivcost\">\r\n\t\t\t\t\t\t<span class=\"vriliststartfrom\">Starting From<\/span>\r\n\t\t\t\t\t\t<span class=\"item_cost\">\u20ac 25,00<\/span>\r\n\t\t\t\t\t\t<span class=\"vriliststartfromtext\">per Hour<\/span>\r\n\t\t\t\t\t<\/div>\r\n\t\t\t\t\t\t\t\t\t\t<span class=\"vrilistgoonlist\"><a href=\"https:\/\/cycle-leipzig.com\/es\/alquilar-bicicletas-electricas-en-leipzig\/?option=com_vikrentitems&amp;view=itemdetails&amp;elemid=1\">View Details<\/a><\/span>\r\n\t\t\t\t<\/div>\r\n\t\t\t<\/div>\r\n\t\t<\/div>\r\n\t\t\t<div class=\"vri-list-item-block\">\r\n\t\t\t<div class=\"vri-list-item-inner\">\r\n\t\t\t\t\t\t\t<div class=\"vri-list-item-img\">\r\n\t\t\t\t\t<img decoding=\"async\" src=\"https:\/\/cycle-leipzig.com\/wp-content\/plugins\/vikrentitems\/admin\/resources\/1ebike_klapprad_diagonal.png\" alt=\"\" class=\"vrilistimg\"\/>\r\n\t\t\t\t<\/div>\r\n\t\t\t\t\t\t\t\t<div class=\"vri-list-item-descr\">\r\n\t\t\t\t\t<span class=\"vrilistitemname\">Kompaktrad 20 Zoll<\/span>\r\n\t\t\t\t\t<span class=\"vrilistitemcat\">E-Bike<\/span>\r\n\t\t\t\t\t<div class=\"vrilistitemdescr\">\r\n\t\t\t\t\t\t<p>K\u00f6rpergr\u00f6\u00dfe: 1,50m - 1,85m, Nabenschaltung, R\u00fccktritt<\/p>\n\t\t\t\t\t<\/div>\r\n\t\t\t\t\t\t\t\t\t<div class=\"vrilistitemcarats\"><ul class=\"vriulcarats\">\n<li>Citybike<\/li>\n<li>kleine Menschen<\/li>\n<\/ul>\n<\/div>\r\n\t\t\t\t\t\t\t\t\t<\/div>\r\n\t\t\t<\/div>\r\n\t\t\t<div class=\"vri-list-item-cont\">\r\n\t\t\t\t<div class=\"vrilistcostdivcont\">\r\n\t\t\t\t\t\t\t\t\t\t<div class=\"vrilistdivcost\">\r\n\t\t\t\t\t\t<span class=\"vriliststartfrom\">Starting From<\/span>\r\n\t\t\t\t\t\t<span class=\"item_cost\">\u20ac 25,00<\/span>\r\n\t\t\t\t\t\t<span class=\"vriliststartfromtext\">per Hour<\/span>\r\n\t\t\t\t\t<\/div>\r\n\t\t\t\t\t\t\t\t\t\t<span class=\"vrilistgoonlist\"><a href=\"https:\/\/cycle-leipzig.com\/es\/alquilar-bicicletas-electricas-en-leipzig\/?option=com_vikrentitems&amp;view=itemdetails&amp;elemid=9\">View Details<\/a><\/span>\r\n\t\t\t\t<\/div>\r\n\t\t\t<\/div>\r\n\t\t<\/div>\r\n\t\t\t<div class=\"vri-list-item-block\">\r\n\t\t\t<div class=\"vri-list-item-inner\">\r\n\t\t\t\t\t\t\t<div class=\"vri-list-item-img\">\r\n\t\t\t\t\t<img decoding=\"async\" src=\"https:\/\/cycle-leipzig.com\/wp-content\/plugins\/vikrentitems\/admin\/resources\/vthumb_1ebike_city_diagonal.png\" alt=\"\" class=\"vrilistimg\"\/>\r\n\t\t\t\t<\/div>\r\n\t\t\t\t\t\t\t\t<div class=\"vri-list-item-descr\">\r\n\t\t\t\t\t<span class=\"vrilistitemname\">City eBike wei\u00df<\/span>\r\n\t\t\t\t\t<span class=\"vrilistitemcat\">E-Bike<\/span>\r\n\t\t\t\t\t<div class=\"vrilistitemdescr\">\r\n\t\t\t\t\t\t<p>Altura: 1,60 m - 1,90 m, engranajes de cubo, sin freno de monta\u00f1a<\/p>\n\t\t\t\t\t<\/div>\r\n\t\t\t\t\t\t\t\t\t<div class=\"vrilistitemcarats\"><ul class=\"vriulcarats\">\n<li>Citybike<\/li>\n<\/ul>\n<\/div>\r\n\t\t\t\t\t\t\t\t\t<\/div>\r\n\t\t\t<\/div>\r\n\t\t\t<div class=\"vri-list-item-cont\">\r\n\t\t\t\t<div class=\"vrilistcostdivcont\">\r\n\t\t\t\t\t\t\t\t\t\t<div class=\"vrilistdivcost\">\r\n\t\t\t\t\t\t<span class=\"vriliststartfrom\">Starting From<\/span>\r\n\t\t\t\t\t\t<span class=\"item_cost\">\u20ac 29,00<\/span>\r\n\t\t\t\t\t\t<span class=\"vriliststartfromtext\">per Hour<\/span>\r\n\t\t\t\t\t<\/div>\r\n\t\t\t\t\t\t\t\t\t\t<span class=\"vrilistgoonlist\"><a href=\"https:\/\/cycle-leipzig.com\/es\/alquilar-bicicletas-electricas-en-leipzig\/?option=com_vikrentitems&amp;view=itemdetails&amp;elemid=2\">View Details<\/a><\/span>\r\n\t\t\t\t<\/div>\r\n\t\t\t<\/div>\r\n\t\t<\/div>\r\n\t\t\t<div class=\"vri-list-item-block\">\r\n\t\t\t<div class=\"vri-list-item-inner\">\r\n\t\t\t\t\t\t\t<div class=\"vri-list-item-img\">\r\n\t\t\t\t\t<img decoding=\"async\" src=\"https:\/\/cycle-leipzig.com\/wp-content\/plugins\/vikrentitems\/admin\/resources\/2ebike_miami_diagonal.png\" alt=\"\" class=\"vrilistimg\"\/>\r\n\t\t\t\t<\/div>\r\n\t\t\t\t\t\t\t\t<div class=\"vri-list-item-descr\">\r\n\t\t\t\t\t<span class=\"vrilistitemname\">Cruiser eBike<\/span>\r\n\t\t\t\t\t<span class=\"vrilistitemcat\">E-Bike<\/span>\r\n\t\t\t\t\t<div class=\"vrilistitemdescr\">\r\n\t\t\t\t\t\t<p>Altura: de 1,60 m a 1,90 m, cambio de marchas, cruiser el\u00e9ctrica<\/p>\n\t\t\t\t\t<\/div>\r\n\t\t\t\t\t\t\t\t\t<div class=\"vrilistitemcarats\"><ul class=\"vriulcarats\">\n<li>Citybike<\/li>\n<li>Herrenrad<\/li>\n<\/ul>\n<\/div>\r\n\t\t\t\t\t\t\t\t\t<\/div>\r\n\t\t\t<\/div>\r\n\t\t\t<div class=\"vri-list-item-cont\">\r\n\t\t\t\t<div class=\"vrilistcostdivcont\">\r\n\t\t\t\t\t\t\t\t\t\t<div class=\"vrilistdivcost\">\r\n\t\t\t\t\t\t<span class=\"vriliststartfrom\">Starting From<\/span>\r\n\t\t\t\t\t\t<span class=\"item_cost\">\u20ac 29,00<\/span>\r\n\t\t\t\t\t\t<span class=\"vriliststartfromtext\">per Hour<\/span>\r\n\t\t\t\t\t<\/div>\r\n\t\t\t\t\t\t\t\t\t\t<span class=\"vrilistgoonlist\"><a href=\"https:\/\/cycle-leipzig.com\/es\/alquilar-bicicletas-electricas-en-leipzig\/?option=com_vikrentitems&amp;view=itemdetails&amp;elemid=3\">View Details<\/a><\/span>\r\n\t\t\t\t<\/div>\r\n\t\t\t<\/div>\r\n\t\t<\/div>\r\n\t\t\t<div class=\"vri-list-item-block\">\r\n\t\t\t<div class=\"vri-list-item-inner\">\r\n\t\t\t\t\t\t\t<div class=\"vri-list-item-img\">\r\n\t\t\t\t\t<img decoding=\"async\" src=\"https:\/\/cycle-leipzig.com\/wp-content\/plugins\/vikrentitems\/admin\/resources\/2ebike_mtb_diagonal.png\" alt=\"\" class=\"vrilistimg\"\/>\r\n\t\t\t\t<\/div>\r\n\t\t\t\t\t\t\t\t<div class=\"vri-list-item-descr\">\r\n\t\t\t\t\t<span class=\"vrilistitemname\">eMountainbike Heckmotor<\/span>\r\n\t\t\t\t\t<span class=\"vrilistitemcat\">E-Bike<\/span>\r\n\t\t\t\t\t<div class=\"vrilistitemdescr\">\r\n\t\t\t\t\t\t<p>Altura: de 1,60 m a 1,90 m, cambio de marchas, bicicleta de monta\u00f1a<\/p>\n\t\t\t\t\t<\/div>\r\n\t\t\t\t\t\t\t\t\t<div class=\"vrilistitemcarats\"><ul class=\"vriulcarats\">\n<li>Mountainbike<\/li>\n<li>Herrenrad<\/li>\n<\/ul>\n<\/div>\r\n\t\t\t\t\t\t\t\t\t<\/div>\r\n\t\t\t<\/div>\r\n\t\t\t<div class=\"vri-list-item-cont\">\r\n\t\t\t\t<div class=\"vrilistcostdivcont\">\r\n\t\t\t\t\t\t\t\t\t\t<div class=\"vrilistdivcost\">\r\n\t\t\t\t\t\t<span class=\"vriliststartfrom\">Starting From<\/span>\r\n\t\t\t\t\t\t<span class=\"item_cost\">\u20ac 29,00<\/span>\r\n\t\t\t\t\t\t<span class=\"vriliststartfromtext\">per Hour<\/span>\r\n\t\t\t\t\t<\/div>\r\n\t\t\t\t\t\t\t\t\t\t<span class=\"vrilistgoonlist\"><a href=\"https:\/\/cycle-leipzig.com\/es\/alquilar-bicicletas-electricas-en-leipzig\/?option=com_vikrentitems&amp;view=itemdetails&amp;elemid=4\">View Details<\/a><\/span>\r\n\t\t\t\t<\/div>\r\n\t\t\t<\/div>\r\n\t\t<\/div>\r\n\t\t<\/div>\r\n\r\n<\/div>\r\n\n<\/div>\n\n","protected":false},"excerpt":{"rendered":"","protected":false},"author":1,"featured_media":478,"parent":0,"menu_order":0,"comment_status":"closed","ping_status":"closed","template":"","meta":{"_kad_post_transparent":"","_kad_post_title":"","_kad_post_layout":"","_kad_post_sidebar_id":"","_kad_post_content_style":"","_kad_post_vertical_padding":"","_kad_post_feature":"","_kad_post_feature_position":"","_kad_post_header":false,"_kad_post_footer":false,"footnotes":""},"class_list":["post-511","page","type-page","status-publish","has-post-thumbnail","hentry"],"yoast_head":"<!-- This site is optimized with the Yoast SEO plugin v21.9.1 - https:\/\/yoast.com\/wordpress\/plugins\/seo\/ -->\n<title>Alquilar bicicletas el\u00e9ctricas en Leipzig - Cycle-Leipzig.de - Rent a Bike<\/title>\n<meta name=\"robots\" content=\"noindex, follow, max-snippet:-1, max-image-preview:large, max-video-preview:-1\" \/>\n<meta property=\"og:locale\" content=\"es_ES\" \/>\n<meta property=\"og:type\" content=\"article\" \/>\n<meta property=\"og:title\" content=\"Alquilar bicicletas el\u00e9ctricas en Leipzig - Cycle-Leipzig.de - Rent a Bike\" \/>\n<meta property=\"og:url\" content=\"https:\/\/cycle-leipzig.com\/es\/alquilar-bicicletas-electricas-en-leipzig\/\" \/>\n<meta property=\"og:site_name\" content=\"Cycle-Leipzig.de - Rent a Bike\" \/>\n<meta property=\"article:modified_time\" content=\"2024-01-03T11:26:12+00:00\" \/>\n<meta property=\"og:image\" content=\"https:\/\/cycle-leipzig.com\/wp-content\/uploads\/2023\/07\/20190421_183953_5-jpg.webp\" \/>\n\t<meta property=\"og:image:width\" content=\"1903\" \/>\n\t<meta property=\"og:image:height\" content=\"2012\" \/>\n\t<meta property=\"og:image:type\" content=\"image\/jpeg\" \/>\n<meta name=\"twitter:card\" content=\"summary_large_image\" \/>\n<script type=\"application\/ld+json\" class=\"yoast-schema-graph\">{\"@context\":\"https:\/\/schema.org\",\"@graph\":[{\"@type\":\"WebPage\",\"@id\":\"https:\/\/cycle-leipzig.com\/es\/alquilar-bicicletas-electricas-en-leipzig\/\",\"url\":\"https:\/\/cycle-leipzig.com\/es\/alquilar-bicicletas-electricas-en-leipzig\/\",\"name\":\"Alquilar bicicletas el\u00e9ctricas en Leipzig - Cycle-Leipzig.de - Rent a Bike\",\"isPartOf\":{\"@id\":\"https:\/\/cycle-leipzig.com\/es\/#website\"},\"datePublished\":\"2023-06-17T15:37:59+00:00\",\"dateModified\":\"2024-01-03T11:26:12+00:00\",\"breadcrumb\":{\"@id\":\"https:\/\/cycle-leipzig.com\/es\/alquilar-bicicletas-electricas-en-leipzig\/#breadcrumb\"},\"inLanguage\":\"es\",\"potentialAction\":[{\"@type\":\"ReadAction\",\"target\":[\"https:\/\/cycle-leipzig.com\/es\/alquilar-bicicletas-electricas-en-leipzig\/\"]}]},{\"@type\":\"BreadcrumbList\",\"@id\":\"https:\/\/cycle-leipzig.com\/es\/alquilar-bicicletas-electricas-en-leipzig\/#breadcrumb\",\"itemListElement\":[{\"@type\":\"ListItem\",\"position\":1,\"name\":\"Startseite\",\"item\":\"https:\/\/cycle-leipzig.com\/es\/home\/\"},{\"@type\":\"ListItem\",\"position\":2,\"name\":\"Alquilar bicicletas el\u00e9ctricas en Leipzig\"}]},{\"@type\":\"WebSite\",\"@id\":\"https:\/\/cycle-leipzig.com\/es\/#website\",\"url\":\"https:\/\/cycle-leipzig.com\/es\/\",\"name\":\"Cycle-Leipzig.de - Rent a Bike\",\"description\":\"eBike &amp; Fahrrad mieten in Leipzig Zentrum\",\"publisher\":{\"@id\":\"https:\/\/cycle-leipzig.com\/es\/#organization\"},\"alternateName\":\"Fahrrad oder E-Bike mieten im Zentrum von Leipzig\",\"potentialAction\":[{\"@type\":\"SearchAction\",\"target\":{\"@type\":\"EntryPoint\",\"urlTemplate\":\"https:\/\/cycle-leipzig.com\/es\/?s={search_term_string}\"},\"query-input\":\"required name=search_term_string\"}],\"inLanguage\":\"es\"},{\"@type\":\"Organization\",\"@id\":\"https:\/\/cycle-leipzig.com\/es\/#organization\",\"name\":\"Cycle-Leipzig.de powerd by eBike-Haus.de GmbH\",\"url\":\"https:\/\/cycle-leipzig.com\/es\/\",\"logo\":{\"@type\":\"ImageObject\",\"inLanguage\":\"es\",\"@id\":\"https:\/\/cycle-leipzig.com\/es\/#\/schema\/logo\/image\/\",\"url\":\"https:\/\/cycle-leipzig.com\/wp-content\/uploads\/2023\/09\/Cycle-Leipzig_Logo.png\",\"contentUrl\":\"https:\/\/cycle-leipzig.com\/wp-content\/uploads\/2023\/09\/Cycle-Leipzig_Logo.png\",\"width\":2000,\"height\":1576,\"caption\":\"Cycle-Leipzig.de powerd by eBike-Haus.de GmbH\"},\"image\":{\"@id\":\"https:\/\/cycle-leipzig.com\/es\/#\/schema\/logo\/image\/\"}}]}<\/script>\n<!-- \/ Yoast SEO plugin. -->","yoast_head_json":{"title":"Alquilar bicicletas el\u00e9ctricas en Leipzig - Cycle-Leipzig.de - Rent a Bike","robots":{"index":"noindex","follow":"follow","max-snippet":"max-snippet:-1","max-image-preview":"max-image-preview:large","max-video-preview":"max-video-preview:-1"},"og_locale":"es_ES","og_type":"article","og_title":"Alquilar bicicletas el\u00e9ctricas en Leipzig - Cycle-Leipzig.de - Rent a Bike","og_url":"https:\/\/cycle-leipzig.com\/es\/alquilar-bicicletas-electricas-en-leipzig\/","og_site_name":"Cycle-Leipzig.de - Rent a Bike","article_modified_time":"2024-01-03T11:26:12+00:00","og_image":[{"width":1903,"height":2012,"url":"https:\/\/cycle-leipzig.com\/wp-content\/uploads\/2023\/07\/20190421_183953_5-jpg.webp","type":"image\/jpeg"}],"twitter_card":"summary_large_image","schema":{"@context":"https:\/\/schema.org","@graph":[{"@type":"WebPage","@id":"https:\/\/cycle-leipzig.com\/es\/alquilar-bicicletas-electricas-en-leipzig\/","url":"https:\/\/cycle-leipzig.com\/es\/alquilar-bicicletas-electricas-en-leipzig\/","name":"Alquilar bicicletas el\u00e9ctricas en Leipzig - Cycle-Leipzig.de - Rent a Bike","isPartOf":{"@id":"https:\/\/cycle-leipzig.com\/es\/#website"},"datePublished":"2023-06-17T15:37:59+00:00","dateModified":"2024-01-03T11:26:12+00:00","breadcrumb":{"@id":"https:\/\/cycle-leipzig.com\/es\/alquilar-bicicletas-electricas-en-leipzig\/#breadcrumb"},"inLanguage":"es","potentialAction":[{"@type":"ReadAction","target":["https:\/\/cycle-leipzig.com\/es\/alquilar-bicicletas-electricas-en-leipzig\/"]}]},{"@type":"BreadcrumbList","@id":"https:\/\/cycle-leipzig.com\/es\/alquilar-bicicletas-electricas-en-leipzig\/#breadcrumb","itemListElement":[{"@type":"ListItem","position":1,"name":"Startseite","item":"https:\/\/cycle-leipzig.com\/es\/home\/"},{"@type":"ListItem","position":2,"name":"Alquilar bicicletas el\u00e9ctricas en Leipzig"}]},{"@type":"WebSite","@id":"https:\/\/cycle-leipzig.com\/es\/#website","url":"https:\/\/cycle-leipzig.com\/es\/","name":"Cycle-Leipzig.de - Rent a Bike","description":"eBike &amp; Fahrrad mieten in Leipzig Zentrum","publisher":{"@id":"https:\/\/cycle-leipzig.com\/es\/#organization"},"alternateName":"Fahrrad oder E-Bike mieten im Zentrum von Leipzig","potentialAction":[{"@type":"SearchAction","target":{"@type":"EntryPoint","urlTemplate":"https:\/\/cycle-leipzig.com\/es\/?s={search_term_string}"},"query-input":"required name=search_term_string"}],"inLanguage":"es"},{"@type":"Organization","@id":"https:\/\/cycle-leipzig.com\/es\/#organization","name":"Cycle-Leipzig.de powerd by eBike-Haus.de GmbH","url":"https:\/\/cycle-leipzig.com\/es\/","logo":{"@type":"ImageObject","inLanguage":"es","@id":"https:\/\/cycle-leipzig.com\/es\/#\/schema\/logo\/image\/","url":"https:\/\/cycle-leipzig.com\/wp-content\/uploads\/2023\/09\/Cycle-Leipzig_Logo.png","contentUrl":"https:\/\/cycle-leipzig.com\/wp-content\/uploads\/2023\/09\/Cycle-Leipzig_Logo.png","width":2000,"height":1576,"caption":"Cycle-Leipzig.de powerd by eBike-Haus.de GmbH"},"image":{"@id":"https:\/\/cycle-leipzig.com\/es\/#\/schema\/logo\/image\/"}}]}},"_links":{"self":[{"href":"https:\/\/cycle-leipzig.com\/es\/wp-json\/wp\/v2\/pages\/511","targetHints":{"allow":["GET"]}}],"collection":[{"href":"https:\/\/cycle-leipzig.com\/es\/wp-json\/wp\/v2\/pages"}],"about":[{"href":"https:\/\/cycle-leipzig.com\/es\/wp-json\/wp\/v2\/types\/page"}],"author":[{"embeddable":true,"href":"https:\/\/cycle-leipzig.com\/es\/wp-json\/wp\/v2\/users\/1"}],"replies":[{"embeddable":true,"href":"https:\/\/cycle-leipzig.com\/es\/wp-json\/wp\/v2\/comments?post=511"}],"version-history":[{"count":1,"href":"https:\/\/cycle-leipzig.com\/es\/wp-json\/wp\/v2\/pages\/511\/revisions"}],"predecessor-version":[{"id":515,"href":"https:\/\/cycle-leipzig.com\/es\/wp-json\/wp\/v2\/pages\/511\/revisions\/515"}],"wp:featuredmedia":[{"embeddable":true,"href":"https:\/\/cycle-leipzig.com\/es\/wp-json\/wp\/v2\/media\/478"}],"wp:attachment":[{"href":"https:\/\/cycle-leipzig.com\/es\/wp-json\/wp\/v2\/media?parent=511"}],"curies":[{"name":"wp","href":"https:\/\/api.w.org\/{rel}","templated":true}]}}