{"id":534,"date":"2023-07-07T03:11:34","date_gmt":"2023-07-07T01:11:34","guid":{"rendered":"https:\/\/cycle-leipzig.com\/reserva-de-grupos-a-partir-de-10-bicicletas\/"},"modified":"2024-01-03T12:26:25","modified_gmt":"2024-01-03T11:26:25","slug":"reserva-de-grupos-a-partir-de-10-bicicletas","status":"publish","type":"page","link":"https:\/\/cycle-leipzig.com\/es\/reserva-de-grupos-a-partir-de-10-bicicletas\/","title":{"rendered":"Reserva de grupos (a partir de 10 bicicletas)"},"content":{"rendered":"\n<p>\u00bfEst\u00e1 planeando una excursi\u00f3n en bicicleta por Leipzig con un grupo m\u00e1s grande? Entonces Cycle-Leipzig.de es el lugar adecuado para usted.  <\/p>\n\n<p>Actualmente se pueden alquilar hasta 15 bicicletas el\u00e9ctricas y 18 normales. Utilice nuestro formulario de contacto y nos pondremos en contacto con usted en breve.  <\/p>\n<div class=\"wpforms-container wpforms-container-full wpforms-block wpforms-block-0233ee4b-ed77-4516-9719-ca066a2751ee wpforms-render-modern\" id=\"wpforms-226\"><form id=\"wpforms-form-226\" class=\"wpforms-validate wpforms-form wpforms-ajax-form\" data-formid=\"226\" method=\"post\" enctype=\"multipart\/form-data\" action=\"\/es\/wp-json\/wp\/v2\/pages\/534\" data-token=\"d0111cfb2e9b6cbfd39fca4e6125285b\" data-token-time=\"1776312793\"><noscript class=\"wpforms-error-noscript\">Por favor, activa JavaScript en tu navegador para completar este formulario.<\/noscript><div id=\"wpforms-error-noscript\" style=\"display: none;\">Por favor, activa JavaScript en tu navegador para completar este formulario.<\/div><div class=\"wpforms-field-container\"><div id=\"wpforms-226-field_0-container\" class=\"wpforms-field wpforms-field-name\" data-field-id=\"0\"><fieldset><legend class=\"wpforms-field-label\">Nombre <span class=\"wpforms-required-label\" aria-hidden=\"true\">*<\/span><\/legend><div class=\"wpforms-field-row wpforms-field-medium\"><div class=\"wpforms-field-row-block wpforms-first wpforms-one-half\"><input type=\"text\" id=\"wpforms-226-field_0\" class=\"wpforms-field-name-first wpforms-field-required\" name=\"wpforms[fields][0][first]\" aria-errormessage=\"wpforms-226-field_0-error\" required><label for=\"wpforms-226-field_0\" class=\"wpforms-field-sublabel after\">Nombre<\/label><\/div><div class=\"wpforms-field-row-block wpforms-one-half\"><input type=\"text\" id=\"wpforms-226-field_0-last\" class=\"wpforms-field-name-last wpforms-field-required\" name=\"wpforms[fields][0][last]\" aria-errormessage=\"wpforms-226-field_0-last-error\" required><label for=\"wpforms-226-field_0-last\" class=\"wpforms-field-sublabel after\">Apellidos<\/label><\/div><\/div><\/fieldset><\/div><div id=\"wpforms-226-field_3-container\" class=\"wpforms-field wpforms-field-text\" data-field-id=\"3\"><label class=\"wpforms-field-label\" for=\"wpforms-226-field_3\">Empresa<\/label><input type=\"text\" id=\"wpforms-226-field_3\" class=\"wpforms-field-medium\" name=\"wpforms[fields][3]\" aria-errormessage=\"wpforms-226-field_3-error\" ><\/div><div id=\"wpforms-226-field_4-container\" class=\"wpforms-field wpforms-field-text\" data-field-id=\"4\"><label class=\"wpforms-field-label\" for=\"wpforms-226-field_4\">Tel\u00e9fono<\/label><input type=\"text\" id=\"wpforms-226-field_4\" class=\"wpforms-field-medium\" name=\"wpforms[fields][4]\" aria-errormessage=\"wpforms-226-field_4-error\" ><\/div><div id=\"wpforms-226-field_1-container\" class=\"wpforms-field wpforms-field-email\" data-field-id=\"1\"><label class=\"wpforms-field-label\" for=\"wpforms-226-field_1\">correo electr\u00f3nico <span class=\"wpforms-required-label\" aria-hidden=\"true\">*<\/span><\/label><input type=\"email\" id=\"wpforms-226-field_1\" class=\"wpforms-field-medium wpforms-field-required\" name=\"wpforms[fields][1]\" spellcheck=\"false\" aria-errormessage=\"wpforms-226-field_1-error\" required><\/div><div id=\"wpforms-226-field_6-container\" class=\"wpforms-field wpforms-field-number\" data-field-id=\"6\"><label class=\"wpforms-field-label\" for=\"wpforms-226-field_6\">\u00bfCu\u00e1ntas e-bikes necesitas?<\/label><input type=\"number\" id=\"wpforms-226-field_6\" class=\"wpforms-field-medium\" name=\"wpforms[fields][6]\" step=\"any\" aria-errormessage=\"wpforms-226-field_6-error\" ><\/div><div id=\"wpforms-226-field_7-container\" class=\"wpforms-field wpforms-field-number\" data-field-id=\"7\"><label class=\"wpforms-field-label\" for=\"wpforms-226-field_7\">\u00bfCu\u00e1ntas bicicletas normales necesitas?<\/label><input type=\"number\" id=\"wpforms-226-field_7\" class=\"wpforms-field-medium\" name=\"wpforms[fields][7]\" step=\"any\" aria-errormessage=\"wpforms-226-field_7-error\" ><\/div><div id=\"wpforms-226-field_8-container\" class=\"wpforms-field wpforms-field-text\" data-field-id=\"8\"><label class=\"wpforms-field-label\" for=\"wpforms-226-field_8\">\u00bfCu\u00e1ndo necesitas las bicicletas?<\/label><input type=\"text\" id=\"wpforms-226-field_8\" class=\"wpforms-field-medium\" name=\"wpforms[fields][8]\" aria-errormessage=\"wpforms-226-field_8-error\" ><\/div><div id=\"wpforms-226-field_2-container\" class=\"wpforms-field wpforms-field-textarea\" data-field-id=\"2\"><label class=\"wpforms-field-label\" for=\"wpforms-226-field_2\">Comentario o mensaje<\/label><textarea id=\"wpforms-226-field_2\" class=\"wpforms-field-medium\" name=\"wpforms[fields][2]\" aria-errormessage=\"wpforms-226-field_2-error\" ><\/textarea><\/div><\/div><!-- .wpforms-field-container --><div class=\"wpforms-submit-container\" ><input type=\"hidden\" name=\"wpforms[id]\" value=\"226\"><input type=\"hidden\" name=\"page_title\" value=\"\"><input type=\"hidden\" name=\"page_url\" value=\"https:\/\/cycle-leipzig.com\/es\/wp-json\/wp\/v2\/pages\/534\"><input type=\"hidden\" name=\"url_referer\" value=\"\"><button type=\"submit\" name=\"wpforms[submit]\" id=\"wpforms-submit-226\" class=\"wpforms-submit\" data-alt-text=\"Enviar...\" data-submit-text=\"Env\u00edo de\" aria-live=\"assertive\" value=\"wpforms-submit\">Env\u00edo de<\/button><img loading=\"lazy\" decoding=\"async\" src=\"https:\/\/cycle-leipzig.com\/wp-content\/plugins\/wpforms-lite\/assets\/images\/submit-spin.svg\" class=\"wpforms-submit-spinner\" style=\"display: none;\" width=\"26\" height=\"26\" alt=\"Cargando\"><\/div><\/form><\/div>  <!-- .wpforms-container -->","protected":false},"excerpt":{"rendered":"<p>\u00bfEst\u00e1 planeando una excursi\u00f3n en bicicleta por Leipzig con un grupo m\u00e1s grande? Entonces Cycle-Leipzig.de es el lugar adecuado para usted. Actualmente se pueden alquilar hasta 15 bicicletas el\u00e9ctricas y 18 normales. Utilice nuestro formulario de contacto y nos pondremos en contacto con usted en breve.<\/p>\n","protected":false},"author":1,"featured_media":0,"parent":0,"menu_order":0,"comment_status":"closed","ping_status":"closed","template":"","meta":{"_kad_post_transparent":"","_kad_post_title":"","_kad_post_layout":"","_kad_post_sidebar_id":"","_kad_post_content_style":"","_kad_post_vertical_padding":"","_kad_post_feature":"","_kad_post_feature_position":"","_kad_post_header":false,"_kad_post_footer":false,"footnotes":""},"class_list":["post-534","page","type-page","status-publish","hentry"],"yoast_head":"<!-- This site is optimized with the Yoast SEO plugin v21.9.1 - https:\/\/yoast.com\/wordpress\/plugins\/seo\/ -->\n<title>Reserva de grupos (a partir de 10 bicicletas) - Cycle-Leipzig.de - Rent a Bike<\/title>\n<meta name=\"robots\" content=\"noindex, follow, max-snippet:-1, max-image-preview:large, max-video-preview:-1\" \/>\n<meta property=\"og:locale\" content=\"es_ES\" \/>\n<meta property=\"og:type\" content=\"article\" \/>\n<meta property=\"og:title\" content=\"Reserva de grupos (a partir de 10 bicicletas) - Cycle-Leipzig.de - Rent a Bike\" \/>\n<meta property=\"og:description\" content=\"\u00bfEst\u00e1 planeando una excursi\u00f3n en bicicleta por Leipzig con un grupo m\u00e1s grande? Entonces Cycle-Leipzig.de es el lugar adecuado para usted. Actualmente se pueden alquilar hasta 15 bicicletas el\u00e9ctricas y 18 normales. Utilice nuestro formulario de contacto y nos pondremos en contacto con usted en breve.\" \/>\n<meta property=\"og:url\" content=\"https:\/\/cycle-leipzig.com\/es\/reserva-de-grupos-a-partir-de-10-bicicletas\/\" \/>\n<meta property=\"og:site_name\" content=\"Cycle-Leipzig.de - Rent a Bike\" \/>\n<meta property=\"article:modified_time\" content=\"2024-01-03T11:26:25+00:00\" \/>\n<meta name=\"twitter:card\" content=\"summary_large_image\" \/>\n<script type=\"application\/ld+json\" class=\"yoast-schema-graph\">{\"@context\":\"https:\/\/schema.org\",\"@graph\":[{\"@type\":\"WebPage\",\"@id\":\"https:\/\/cycle-leipzig.com\/es\/reserva-de-grupos-a-partir-de-10-bicicletas\/\",\"url\":\"https:\/\/cycle-leipzig.com\/es\/reserva-de-grupos-a-partir-de-10-bicicletas\/\",\"name\":\"Reserva de grupos (a partir de 10 bicicletas) - Cycle-Leipzig.de - Rent a Bike\",\"isPartOf\":{\"@id\":\"https:\/\/cycle-leipzig.com\/es\/#website\"},\"datePublished\":\"2023-07-07T01:11:34+00:00\",\"dateModified\":\"2024-01-03T11:26:25+00:00\",\"breadcrumb\":{\"@id\":\"https:\/\/cycle-leipzig.com\/es\/reserva-de-grupos-a-partir-de-10-bicicletas\/#breadcrumb\"},\"inLanguage\":\"es\",\"potentialAction\":[{\"@type\":\"ReadAction\",\"target\":[\"https:\/\/cycle-leipzig.com\/es\/reserva-de-grupos-a-partir-de-10-bicicletas\/\"]}]},{\"@type\":\"BreadcrumbList\",\"@id\":\"https:\/\/cycle-leipzig.com\/es\/reserva-de-grupos-a-partir-de-10-bicicletas\/#breadcrumb\",\"itemListElement\":[{\"@type\":\"ListItem\",\"position\":1,\"name\":\"Startseite\",\"item\":\"https:\/\/cycle-leipzig.com\/es\/home\/\"},{\"@type\":\"ListItem\",\"position\":2,\"name\":\"Reserva de grupos (a partir de 10 bicicletas)\"}]},{\"@type\":\"WebSite\",\"@id\":\"https:\/\/cycle-leipzig.com\/es\/#website\",\"url\":\"https:\/\/cycle-leipzig.com\/es\/\",\"name\":\"Cycle-Leipzig.de - Rent a Bike\",\"description\":\"eBike &amp; Fahrrad mieten in Leipzig Zentrum\",\"publisher\":{\"@id\":\"https:\/\/cycle-leipzig.com\/es\/#organization\"},\"alternateName\":\"Fahrrad oder E-Bike mieten im Zentrum von Leipzig\",\"potentialAction\":[{\"@type\":\"SearchAction\",\"target\":{\"@type\":\"EntryPoint\",\"urlTemplate\":\"https:\/\/cycle-leipzig.com\/es\/?s={search_term_string}\"},\"query-input\":\"required name=search_term_string\"}],\"inLanguage\":\"es\"},{\"@type\":\"Organization\",\"@id\":\"https:\/\/cycle-leipzig.com\/es\/#organization\",\"name\":\"Cycle-Leipzig.de powerd by eBike-Haus.de GmbH\",\"url\":\"https:\/\/cycle-leipzig.com\/es\/\",\"logo\":{\"@type\":\"ImageObject\",\"inLanguage\":\"es\",\"@id\":\"https:\/\/cycle-leipzig.com\/es\/#\/schema\/logo\/image\/\",\"url\":\"https:\/\/cycle-leipzig.com\/wp-content\/uploads\/2023\/09\/Cycle-Leipzig_Logo.png\",\"contentUrl\":\"https:\/\/cycle-leipzig.com\/wp-content\/uploads\/2023\/09\/Cycle-Leipzig_Logo.png\",\"width\":2000,\"height\":1576,\"caption\":\"Cycle-Leipzig.de powerd by eBike-Haus.de GmbH\"},\"image\":{\"@id\":\"https:\/\/cycle-leipzig.com\/es\/#\/schema\/logo\/image\/\"}}]}<\/script>\n<!-- \/ Yoast SEO plugin. -->","yoast_head_json":{"title":"Reserva de grupos (a partir de 10 bicicletas) - Cycle-Leipzig.de - Rent a Bike","robots":{"index":"noindex","follow":"follow","max-snippet":"max-snippet:-1","max-image-preview":"max-image-preview:large","max-video-preview":"max-video-preview:-1"},"og_locale":"es_ES","og_type":"article","og_title":"Reserva de grupos (a partir de 10 bicicletas) - Cycle-Leipzig.de - Rent a Bike","og_description":"\u00bfEst\u00e1 planeando una excursi\u00f3n en bicicleta por Leipzig con un grupo m\u00e1s grande? Entonces Cycle-Leipzig.de es el lugar adecuado para usted. Actualmente se pueden alquilar hasta 15 bicicletas el\u00e9ctricas y 18 normales. Utilice nuestro formulario de contacto y nos pondremos en contacto con usted en breve.","og_url":"https:\/\/cycle-leipzig.com\/es\/reserva-de-grupos-a-partir-de-10-bicicletas\/","og_site_name":"Cycle-Leipzig.de - Rent a Bike","article_modified_time":"2024-01-03T11:26:25+00:00","twitter_card":"summary_large_image","schema":{"@context":"https:\/\/schema.org","@graph":[{"@type":"WebPage","@id":"https:\/\/cycle-leipzig.com\/es\/reserva-de-grupos-a-partir-de-10-bicicletas\/","url":"https:\/\/cycle-leipzig.com\/es\/reserva-de-grupos-a-partir-de-10-bicicletas\/","name":"Reserva de grupos (a partir de 10 bicicletas) - Cycle-Leipzig.de - Rent a Bike","isPartOf":{"@id":"https:\/\/cycle-leipzig.com\/es\/#website"},"datePublished":"2023-07-07T01:11:34+00:00","dateModified":"2024-01-03T11:26:25+00:00","breadcrumb":{"@id":"https:\/\/cycle-leipzig.com\/es\/reserva-de-grupos-a-partir-de-10-bicicletas\/#breadcrumb"},"inLanguage":"es","potentialAction":[{"@type":"ReadAction","target":["https:\/\/cycle-leipzig.com\/es\/reserva-de-grupos-a-partir-de-10-bicicletas\/"]}]},{"@type":"BreadcrumbList","@id":"https:\/\/cycle-leipzig.com\/es\/reserva-de-grupos-a-partir-de-10-bicicletas\/#breadcrumb","itemListElement":[{"@type":"ListItem","position":1,"name":"Startseite","item":"https:\/\/cycle-leipzig.com\/es\/home\/"},{"@type":"ListItem","position":2,"name":"Reserva de grupos (a partir de 10 bicicletas)"}]},{"@type":"WebSite","@id":"https:\/\/cycle-leipzig.com\/es\/#website","url":"https:\/\/cycle-leipzig.com\/es\/","name":"Cycle-Leipzig.de - Rent a Bike","description":"eBike &amp; Fahrrad mieten in Leipzig Zentrum","publisher":{"@id":"https:\/\/cycle-leipzig.com\/es\/#organization"},"alternateName":"Fahrrad oder E-Bike mieten im Zentrum von Leipzig","potentialAction":[{"@type":"SearchAction","target":{"@type":"EntryPoint","urlTemplate":"https:\/\/cycle-leipzig.com\/es\/?s={search_term_string}"},"query-input":"required name=search_term_string"}],"inLanguage":"es"},{"@type":"Organization","@id":"https:\/\/cycle-leipzig.com\/es\/#organization","name":"Cycle-Leipzig.de powerd by eBike-Haus.de GmbH","url":"https:\/\/cycle-leipzig.com\/es\/","logo":{"@type":"ImageObject","inLanguage":"es","@id":"https:\/\/cycle-leipzig.com\/es\/#\/schema\/logo\/image\/","url":"https:\/\/cycle-leipzig.com\/wp-content\/uploads\/2023\/09\/Cycle-Leipzig_Logo.png","contentUrl":"https:\/\/cycle-leipzig.com\/wp-content\/uploads\/2023\/09\/Cycle-Leipzig_Logo.png","width":2000,"height":1576,"caption":"Cycle-Leipzig.de powerd by eBike-Haus.de GmbH"},"image":{"@id":"https:\/\/cycle-leipzig.com\/es\/#\/schema\/logo\/image\/"}}]}},"_links":{"self":[{"href":"https:\/\/cycle-leipzig.com\/es\/wp-json\/wp\/v2\/pages\/534","targetHints":{"allow":["GET"]}}],"collection":[{"href":"https:\/\/cycle-leipzig.com\/es\/wp-json\/wp\/v2\/pages"}],"about":[{"href":"https:\/\/cycle-leipzig.com\/es\/wp-json\/wp\/v2\/types\/page"}],"author":[{"embeddable":true,"href":"https:\/\/cycle-leipzig.com\/es\/wp-json\/wp\/v2\/users\/1"}],"replies":[{"embeddable":true,"href":"https:\/\/cycle-leipzig.com\/es\/wp-json\/wp\/v2\/comments?post=534"}],"version-history":[{"count":3,"href":"https:\/\/cycle-leipzig.com\/es\/wp-json\/wp\/v2\/pages\/534\/revisions"}],"predecessor-version":[{"id":545,"href":"https:\/\/cycle-leipzig.com\/es\/wp-json\/wp\/v2\/pages\/534\/revisions\/545"}],"wp:attachment":[{"href":"https:\/\/cycle-leipzig.com\/es\/wp-json\/wp\/v2\/media?parent=534"}],"curies":[{"name":"wp","href":"https:\/\/api.w.org\/{rel}","templated":true}]}}