{"id":505,"date":"2023-06-17T17:37:51","date_gmt":"2023-06-17T15:37:51","guid":{"rendered":"https:\/\/cycle-leipzig.com\/louer-un-velo-un-e-bike-a-leipzig\/"},"modified":"2024-01-03T12:26:10","modified_gmt":"2024-01-03T11:26:10","slug":"louer-un-velo-un-e-bike-a-leipzig","status":"publish","type":"page","link":"https:\/\/cycle-leipzig.com\/fr\/louer-un-velo-un-e-bike-a-leipzig\/","title":{"rendered":"Louer un v\u00e9lo &amp; un e-bike \u00e0 Leipzig"},"content":{"rendered":"\n<h1 class=\"wp-block-heading\"><\/h1>\n\n<div class=\"wp-block-group is-nowrap is-layout-flex wp-container-core-group-is-layout-ad2f72ca wp-block-group-is-layout-flex\"><\/div>\n","protected":false},"excerpt":{"rendered":"","protected":false},"author":1,"featured_media":0,"parent":0,"menu_order":0,"comment_status":"closed","ping_status":"closed","template":"","meta":{"_kad_post_transparent":"","_kad_post_title":"","_kad_post_layout":"","_kad_post_sidebar_id":"","_kad_post_content_style":"","_kad_post_vertical_padding":"","_kad_post_feature":"","_kad_post_feature_position":"","_kad_post_header":false,"_kad_post_footer":false,"footnotes":""},"class_list":["post-505","page","type-page","status-publish","hentry"],"yoast_head":"<!-- This site is optimized with the Yoast SEO plugin v21.9.1 - https:\/\/yoast.com\/wordpress\/plugins\/seo\/ -->\n<title>Louer un v\u00e9lo &amp; un e-bike \u00e0 Leipzig - Cycle-Leipzig.de - Rent a Bike<\/title>\n<meta name=\"description\" content=\"\u00c0 partir de 15 euros par jour, Cycle-Leipzig.de vous propose de louer un v\u00e9lo chic dans le centre de Leipzig. Nous louons \u00e9galement de superbes eBikes et VTT.\" \/>\n<meta name=\"robots\" content=\"noindex, follow, max-snippet:-1, max-image-preview:large, max-video-preview:-1\" \/>\n<meta property=\"og:locale\" content=\"fr_FR\" \/>\n<meta property=\"og:type\" content=\"article\" \/>\n<meta property=\"og:title\" content=\"Louer un v\u00e9lo &amp; un e-bike \u00e0 Leipzig - Cycle-Leipzig.de - Rent a Bike\" \/>\n<meta property=\"og:description\" content=\"\u00c0 partir de 15 euros par jour, Cycle-Leipzig.de vous propose de louer un v\u00e9lo chic dans le centre de Leipzig. Nous louons \u00e9galement de superbes eBikes et VTT.\" \/>\n<meta property=\"og:url\" content=\"https:\/\/cycle-leipzig.com\/fr\/louer-un-velo-un-e-bike-a-leipzig\/\" \/>\n<meta property=\"og:site_name\" content=\"Cycle-Leipzig.de - Rent a Bike\" \/>\n<meta property=\"article:modified_time\" content=\"2024-01-03T11:26:10+00:00\" \/>\n<meta name=\"twitter:card\" content=\"summary_large_image\" \/>\n<script type=\"application\/ld+json\" class=\"yoast-schema-graph\">{\"@context\":\"https:\/\/schema.org\",\"@graph\":[{\"@type\":\"WebPage\",\"@id\":\"https:\/\/cycle-leipzig.com\/fr\/louer-un-velo-un-e-bike-a-leipzig\/\",\"url\":\"https:\/\/cycle-leipzig.com\/fr\/louer-un-velo-un-e-bike-a-leipzig\/\",\"name\":\"Louer un v\u00e9lo &amp; un e-bike \u00e0 Leipzig - Cycle-Leipzig.de - Rent a Bike\",\"isPartOf\":{\"@id\":\"https:\/\/cycle-leipzig.com\/fr\/#website\"},\"datePublished\":\"2023-06-17T15:37:51+00:00\",\"dateModified\":\"2024-01-03T11:26:10+00:00\",\"description\":\"\u00c0 partir de 15 euros par jour, Cycle-Leipzig.de vous propose de louer un v\u00e9lo chic dans le centre de Leipzig. Nous louons \u00e9galement de superbes eBikes et VTT.\",\"breadcrumb\":{\"@id\":\"https:\/\/cycle-leipzig.com\/fr\/louer-un-velo-un-e-bike-a-leipzig\/#breadcrumb\"},\"inLanguage\":\"fr-FR\",\"potentialAction\":[{\"@type\":\"ReadAction\",\"target\":[\"https:\/\/cycle-leipzig.com\/fr\/louer-un-velo-un-e-bike-a-leipzig\/\"]}]},{\"@type\":\"BreadcrumbList\",\"@id\":\"https:\/\/cycle-leipzig.com\/fr\/louer-un-velo-un-e-bike-a-leipzig\/#breadcrumb\",\"itemListElement\":[{\"@type\":\"ListItem\",\"position\":1,\"name\":\"Startseite\",\"item\":\"https:\/\/cycle-leipzig.com\/fr\/home\/\"},{\"@type\":\"ListItem\",\"position\":2,\"name\":\"Louer un v\u00e9lo &amp; un e-bike \u00e0 Leipzig\"}]},{\"@type\":\"WebSite\",\"@id\":\"https:\/\/cycle-leipzig.com\/fr\/#website\",\"url\":\"https:\/\/cycle-leipzig.com\/fr\/\",\"name\":\"Cycle-Leipzig.de - Rent a Bike\",\"description\":\"eBike &amp; Fahrrad mieten in Leipzig Zentrum\",\"publisher\":{\"@id\":\"https:\/\/cycle-leipzig.com\/fr\/#organization\"},\"alternateName\":\"Fahrrad oder E-Bike mieten im Zentrum von Leipzig\",\"potentialAction\":[{\"@type\":\"SearchAction\",\"target\":{\"@type\":\"EntryPoint\",\"urlTemplate\":\"https:\/\/cycle-leipzig.com\/fr\/?s={search_term_string}\"},\"query-input\":\"required name=search_term_string\"}],\"inLanguage\":\"fr-FR\"},{\"@type\":\"Organization\",\"@id\":\"https:\/\/cycle-leipzig.com\/fr\/#organization\",\"name\":\"Cycle-Leipzig.de powerd by eBike-Haus.de GmbH\",\"url\":\"https:\/\/cycle-leipzig.com\/fr\/\",\"logo\":{\"@type\":\"ImageObject\",\"inLanguage\":\"fr-FR\",\"@id\":\"https:\/\/cycle-leipzig.com\/fr\/#\/schema\/logo\/image\/\",\"url\":\"https:\/\/cycle-leipzig.com\/wp-content\/uploads\/2023\/09\/Cycle-Leipzig_Logo.png\",\"contentUrl\":\"https:\/\/cycle-leipzig.com\/wp-content\/uploads\/2023\/09\/Cycle-Leipzig_Logo.png\",\"width\":2000,\"height\":1576,\"caption\":\"Cycle-Leipzig.de powerd by eBike-Haus.de GmbH\"},\"image\":{\"@id\":\"https:\/\/cycle-leipzig.com\/fr\/#\/schema\/logo\/image\/\"}}]}<\/script>\n<!-- \/ Yoast SEO plugin. -->","yoast_head_json":{"title":"Louer un v\u00e9lo &amp; un e-bike \u00e0 Leipzig - Cycle-Leipzig.de - Rent a Bike","description":"\u00c0 partir de 15 euros par jour, Cycle-Leipzig.de vous propose de louer un v\u00e9lo chic dans le centre de Leipzig. Nous louons \u00e9galement de superbes eBikes et VTT.","robots":{"index":"noindex","follow":"follow","max-snippet":"max-snippet:-1","max-image-preview":"max-image-preview:large","max-video-preview":"max-video-preview:-1"},"og_locale":"fr_FR","og_type":"article","og_title":"Louer un v\u00e9lo &amp; un e-bike \u00e0 Leipzig - Cycle-Leipzig.de - Rent a Bike","og_description":"\u00c0 partir de 15 euros par jour, Cycle-Leipzig.de vous propose de louer un v\u00e9lo chic dans le centre de Leipzig. Nous louons \u00e9galement de superbes eBikes et VTT.","og_url":"https:\/\/cycle-leipzig.com\/fr\/louer-un-velo-un-e-bike-a-leipzig\/","og_site_name":"Cycle-Leipzig.de - Rent a Bike","article_modified_time":"2024-01-03T11:26:10+00:00","twitter_card":"summary_large_image","schema":{"@context":"https:\/\/schema.org","@graph":[{"@type":"WebPage","@id":"https:\/\/cycle-leipzig.com\/fr\/louer-un-velo-un-e-bike-a-leipzig\/","url":"https:\/\/cycle-leipzig.com\/fr\/louer-un-velo-un-e-bike-a-leipzig\/","name":"Louer un v\u00e9lo &amp; un e-bike \u00e0 Leipzig - Cycle-Leipzig.de - Rent a Bike","isPartOf":{"@id":"https:\/\/cycle-leipzig.com\/fr\/#website"},"datePublished":"2023-06-17T15:37:51+00:00","dateModified":"2024-01-03T11:26:10+00:00","description":"\u00c0 partir de 15 euros par jour, Cycle-Leipzig.de vous propose de louer un v\u00e9lo chic dans le centre de Leipzig. Nous louons \u00e9galement de superbes eBikes et VTT.","breadcrumb":{"@id":"https:\/\/cycle-leipzig.com\/fr\/louer-un-velo-un-e-bike-a-leipzig\/#breadcrumb"},"inLanguage":"fr-FR","potentialAction":[{"@type":"ReadAction","target":["https:\/\/cycle-leipzig.com\/fr\/louer-un-velo-un-e-bike-a-leipzig\/"]}]},{"@type":"BreadcrumbList","@id":"https:\/\/cycle-leipzig.com\/fr\/louer-un-velo-un-e-bike-a-leipzig\/#breadcrumb","itemListElement":[{"@type":"ListItem","position":1,"name":"Startseite","item":"https:\/\/cycle-leipzig.com\/fr\/home\/"},{"@type":"ListItem","position":2,"name":"Louer un v\u00e9lo &amp; un e-bike \u00e0 Leipzig"}]},{"@type":"WebSite","@id":"https:\/\/cycle-leipzig.com\/fr\/#website","url":"https:\/\/cycle-leipzig.com\/fr\/","name":"Cycle-Leipzig.de - Rent a Bike","description":"eBike &amp; Fahrrad mieten in Leipzig Zentrum","publisher":{"@id":"https:\/\/cycle-leipzig.com\/fr\/#organization"},"alternateName":"Fahrrad oder E-Bike mieten im Zentrum von Leipzig","potentialAction":[{"@type":"SearchAction","target":{"@type":"EntryPoint","urlTemplate":"https:\/\/cycle-leipzig.com\/fr\/?s={search_term_string}"},"query-input":"required name=search_term_string"}],"inLanguage":"fr-FR"},{"@type":"Organization","@id":"https:\/\/cycle-leipzig.com\/fr\/#organization","name":"Cycle-Leipzig.de powerd by eBike-Haus.de GmbH","url":"https:\/\/cycle-leipzig.com\/fr\/","logo":{"@type":"ImageObject","inLanguage":"fr-FR","@id":"https:\/\/cycle-leipzig.com\/fr\/#\/schema\/logo\/image\/","url":"https:\/\/cycle-leipzig.com\/wp-content\/uploads\/2023\/09\/Cycle-Leipzig_Logo.png","contentUrl":"https:\/\/cycle-leipzig.com\/wp-content\/uploads\/2023\/09\/Cycle-Leipzig_Logo.png","width":2000,"height":1576,"caption":"Cycle-Leipzig.de powerd by eBike-Haus.de GmbH"},"image":{"@id":"https:\/\/cycle-leipzig.com\/fr\/#\/schema\/logo\/image\/"}}]}},"_links":{"self":[{"href":"https:\/\/cycle-leipzig.com\/fr\/wp-json\/wp\/v2\/pages\/505","targetHints":{"allow":["GET"]}}],"collection":[{"href":"https:\/\/cycle-leipzig.com\/fr\/wp-json\/wp\/v2\/pages"}],"about":[{"href":"https:\/\/cycle-leipzig.com\/fr\/wp-json\/wp\/v2\/types\/page"}],"author":[{"embeddable":true,"href":"https:\/\/cycle-leipzig.com\/fr\/wp-json\/wp\/v2\/users\/1"}],"replies":[{"embeddable":true,"href":"https:\/\/cycle-leipzig.com\/fr\/wp-json\/wp\/v2\/comments?post=505"}],"version-history":[{"count":1,"href":"https:\/\/cycle-leipzig.com\/fr\/wp-json\/wp\/v2\/pages\/505\/revisions"}],"predecessor-version":[{"id":508,"href":"https:\/\/cycle-leipzig.com\/fr\/wp-json\/wp\/v2\/pages\/505\/revisions\/508"}],"wp:attachment":[{"href":"https:\/\/cycle-leipzig.com\/fr\/wp-json\/wp\/v2\/media?parent=505"}],"curies":[{"name":"wp","href":"https:\/\/api.w.org\/{rel}","templated":true}]}}