{"id":507,"date":"2023-06-17T17:37:57","date_gmt":"2023-06-17T15:37:57","guid":{"rendered":"https:\/\/cycle-leipzig.com\/questions-reponses-sur-la-location-de-velos\/"},"modified":"2024-01-04T17:34:26","modified_gmt":"2024-01-04T16:34:26","slug":"questions-reponses-sur-la-location-de-velos","status":"publish","type":"page","link":"https:\/\/cycle-leipzig.com\/fr\/questions-reponses-sur-la-location-de-velos\/","title":{"rendered":"Questions &amp; r\u00e9ponses sur la location de v\u00e9los"},"content":{"rendered":"\n<div class=\"wp-block-columns is-layout-flex wp-container-core-columns-is-layout-9d6595d7 wp-block-columns-is-layout-flex\">\n<div class=\"wp-block-column is-vertically-aligned-center is-layout-flow wp-block-column-is-layout-flow\">\n<p class=\"FAQtext has-large-font-size\"><strong>Ai-je besoin d&rsquo;une carte d&rsquo;identit\u00e9 ?<\/strong><\/p>\n\n\n\n<p class=\"has-medium-font-size\"><em>Oui, vous avez besoin d&rsquo;une carte d&rsquo;identit\u00e9 pour la remise. Un permis de conduire, un passeport ou tout autre document ne fonctionne malheureusement pas. Nous enregistrons un scan de la carte d&rsquo;identit\u00e9 et l&rsquo;effa\u00e7ons dans les 7 jours suivant la restitution du v\u00e9lo de location.<\/em><\/p>\n\n\n\n<div style=\"height:100px\" aria-hidden=\"true\" class=\"wp-block-spacer\"><\/div>\n\n\n\n<p class=\"FAQtext has-large-font-size\"><strong>Dois-je d\u00e9poser une caution ?<\/strong><\/p>\n\n\n\n<p class=\"has-medium-font-size\"><em>Non, nous ne demandons pas de caution.<\/em><\/p>\n\n\n\n<div style=\"height:100px\" aria-hidden=\"true\" class=\"wp-block-spacer\"><\/div>\n\n\n\n<p class=\"FAQtext has-large-font-size\"><strong>Quand dois-je payer ?<\/strong><\/p>\n\n\n\n<p class=\"has-medium-font-size\"><em>Pour les r\u00e9servations \u00e0 court terme (dans les deux jours), ils peuvent choisir de payer directement lors de la r\u00e9servation avec PayPal ou de payer dans notre magasin en esp\u00e8ces, par carte de cr\u00e9dit ou par carte EC.  <\/em><br\/><em>Pour les r\u00e9servations ant\u00e9rieures, vous pouvez effectuer le paiement par PayPal directement lors de la commande ou nous vous envoyons un lien de paiement apr\u00e8s la r\u00e9servation.  <\/em><\/p>\n\n\n\n<p class=\"has-medium-font-size\"><em><strong>Veuillez noter que :<\/strong> Votre r\u00e9servation est obligatoire dans tous les cas. L&rsquo;annulation est toujours possible sans frais jusqu&rsquo;\u00e0 48 heures avant le d\u00e9but de la location. Si vous avez d\u00e9j\u00e0 pay\u00e9, nous vous rembourserons imm\u00e9diatement le prix de la location.  <\/em><\/p>\n\n\n\n<div style=\"height:100px\" aria-hidden=\"true\" class=\"wp-block-spacer\"><\/div>\n\n\n\n<p class=\"FAQtext has-large-font-size\"><strong>Puis-je rendre le v\u00e9lo en dehors des heures d&rsquo;ouverture ?<\/strong><\/p>\n\n\n\n<p class=\"has-medium-font-size\"><em>Oui, vous pouvez \u00e9galement rendre les v\u00e9los de location tous les jours entre 10:00h et 18:00h. Cela est \u00e9galement possible les jours o\u00f9 le magasin est ferm\u00e9.  <\/em><\/p>\n\n\n\n<div style=\"height:100px\" aria-hidden=\"true\" class=\"wp-block-spacer\"><\/div>\n\n\n\n<p class=\"FAQtext has-large-font-size\"><strong>Puis-je emporter le chargeur des v\u00e9los \u00e9lectriques ?<\/strong><\/p>\n\n\n\n<p class=\"has-medium-font-size\"><em>Pour les locations de v\u00e9los \u00e0 la journ\u00e9e, nous ne fournissons g\u00e9n\u00e9ralement pas les chargeurs. Si vous pr\u00e9voyez de longues randonn\u00e9es, demandez simplement le chargeur et nous vous le donnerons avec plaisir.<\/em><\/p>\n\n\n\n<div style=\"height:100px\" aria-hidden=\"true\" class=\"wp-block-spacer\"><\/div>\n\n\n\n<p class=\"FAQtext has-large-font-size\"><strong>Puis-je louer un casque ?<\/strong><\/p>\n\n\n\n<p class=\"has-medium-font-size\"><em>Oui, vous pouvez \u00e9galement commander un casque lors de la r\u00e9servation.  <\/em><\/p>\n\n\n\n<div style=\"height:100px\" aria-hidden=\"true\" class=\"wp-block-spacer\"><\/div>\n\n\n\n<h2 class=\"wp-block-heading FAQtext has-large-font-size\">Questions et r\u00e9ponses sur la responsabilit\u00e9<\/h2>\n\n\n\n<div style=\"height:50px\" aria-hidden=\"true\" class=\"wp-block-spacer\"><\/div>\n\n\n\n<p class=\"has-text-color has-medium-font-size\" style=\"color:#666666\"><strong>Le v\u00e9lo est-il assur\u00e9 contre le vol pendant la location ?<\/strong><\/p>\n\n\n\n<p class=\"has-medium-font-size\"><em>Oui, tous les v\u00e9los sont assur\u00e9s contre le vol. En cas de vol, des frais de dossier de 50,00 EUR sont factur\u00e9s. Pour que l&rsquo;assurance s&rsquo;applique, le v\u00e9lo doit \u00eatre attach\u00e9 \u00e0 un objet fixe.<\/em><\/p>\n\n\n\n<div style=\"height:50px\" aria-hidden=\"true\" class=\"wp-block-spacer\"><\/div>\n\n\n\n<p class=\"has-text-color has-medium-font-size\" style=\"color:#666666\"><strong>Que dois-je faire en cas de vol ?<\/strong><\/p>\n\n\n\n<p>Vous devez prendre des photos de la sc\u00e8ne de crime et du ch\u00e2teau d\u00e9truit. Ensuite, veuillez nous appeler et d\u00e9poser une plainte aupr\u00e8s de la police.<\/p>\n\n\n\n<div style=\"height:50px\" aria-hidden=\"true\" class=\"wp-block-spacer\"><\/div>\n\n\n\n<p class=\"has-text-color has-medium-font-size\" style=\"color:#666666\"><strong>Quels sont les dommages dont je dois r\u00e9pondre sur mon v\u00e9lo ?<\/strong><\/p>\n\n\n\n<p>Le v\u00e9lo est en principe assur\u00e9 contre les dommages et les accidents. Comme le traitement par l&rsquo;assurance est assez compliqu\u00e9, nous facturons toutefois des frais de traitement de 50,00 EUR en cas de dommages. En cas de petits dommages (p. ex. pneu crev\u00e9), il ne vaut pas la peine d&rsquo;\u00e9tablir un d\u00e9compte via l&rsquo;assurance. Vous devez donc supporter ces co\u00fbts.<br\/>Exemples de petits dommages :<br\/>Pneu plat : EUR 24,95<br\/>Cl\u00e9 perdue : EUR 39,90<br\/>Nettoyage pour cause de salissures importantes : 29,95 EUR<br\/>L&rsquo;assurance ne couvre pas les n\u00e9gligences graves, par exemple la conduite sous l&rsquo;influence de l&rsquo;alcool ou de drogues.<\/p>\n\n\n\n<div style=\"height:100px\" aria-hidden=\"true\" class=\"wp-block-spacer\"><\/div>\n<\/div>\n<\/div>\n","protected":false},"excerpt":{"rendered":"<p>Ai-je besoin d&rsquo;une carte d&rsquo;identit\u00e9 ? Oui, vous avez besoin d&rsquo;une carte d&rsquo;identit\u00e9 pour la remise. Un permis de conduire, un passeport ou tout autre document ne fonctionne malheureusement pas. Nous enregistrons un scan de la carte d&rsquo;identit\u00e9 et l&rsquo;effa\u00e7ons dans les 7 jours suivant la restitution du v\u00e9lo de location. Dois-je d\u00e9poser une caution&#8230;<\/p>\n","protected":false},"author":1,"featured_media":477,"parent":0,"menu_order":0,"comment_status":"closed","ping_status":"closed","template":"","meta":{"_kad_post_transparent":"","_kad_post_title":"","_kad_post_layout":"","_kad_post_sidebar_id":"","_kad_post_content_style":"","_kad_post_vertical_padding":"","_kad_post_feature":"","_kad_post_feature_position":"","_kad_post_header":false,"_kad_post_footer":false,"footnotes":""},"class_list":["post-507","page","type-page","status-publish","has-post-thumbnail","hentry"],"yoast_head":"<!-- This site is optimized with the Yoast SEO plugin v21.9.1 - https:\/\/yoast.com\/wordpress\/plugins\/seo\/ -->\n<title>Questions &amp; r\u00e9ponses sur la location de v\u00e9los - Cycle-Leipzig.de - Rent a Bike<\/title>\n<meta name=\"robots\" content=\"noindex, follow, max-snippet:-1, max-image-preview:large, max-video-preview:-1\" \/>\n<meta property=\"og:locale\" content=\"fr_FR\" \/>\n<meta property=\"og:type\" content=\"article\" \/>\n<meta property=\"og:title\" content=\"Questions &amp; r\u00e9ponses sur la location de v\u00e9los - Cycle-Leipzig.de - Rent a Bike\" \/>\n<meta property=\"og:description\" content=\"Ai-je besoin d&rsquo;une carte d&rsquo;identit\u00e9 ? Oui, vous avez besoin d&rsquo;une carte d&rsquo;identit\u00e9 pour la remise. Un permis de conduire, un passeport ou tout autre document ne fonctionne malheureusement pas. Nous enregistrons un scan de la carte d&rsquo;identit\u00e9 et l&rsquo;effa\u00e7ons dans les 7 jours suivant la restitution du v\u00e9lo de location. Dois-je d\u00e9poser une caution...\" \/>\n<meta property=\"og:url\" content=\"https:\/\/cycle-leipzig.com\/fr\/questions-reponses-sur-la-location-de-velos\/\" \/>\n<meta property=\"og:site_name\" content=\"Cycle-Leipzig.de - Rent a Bike\" \/>\n<meta property=\"article:modified_time\" content=\"2024-01-04T16:34:26+00:00\" \/>\n<meta property=\"og:image\" content=\"https:\/\/cycle-leipzig.com\/wp-content\/uploads\/2023\/07\/20190421_183953_5-jpg.webp\" \/>\n\t<meta property=\"og:image:width\" content=\"1903\" \/>\n\t<meta property=\"og:image:height\" content=\"2012\" \/>\n\t<meta property=\"og:image:type\" content=\"image\/jpeg\" \/>\n<meta name=\"twitter:card\" content=\"summary_large_image\" \/>\n<meta name=\"twitter:label1\" content=\"Dur\u00e9e de lecture estim\u00e9e\" \/>\n\t<meta name=\"twitter:data1\" content=\"2 minutes\" \/>\n<script type=\"application\/ld+json\" class=\"yoast-schema-graph\">{\"@context\":\"https:\/\/schema.org\",\"@graph\":[{\"@type\":\"WebPage\",\"@id\":\"https:\/\/cycle-leipzig.com\/fr\/questions-reponses-sur-la-location-de-velos\/\",\"url\":\"https:\/\/cycle-leipzig.com\/fr\/questions-reponses-sur-la-location-de-velos\/\",\"name\":\"Questions &amp; r\u00e9ponses sur la location de v\u00e9los - Cycle-Leipzig.de - Rent a Bike\",\"isPartOf\":{\"@id\":\"https:\/\/cycle-leipzig.com\/fr\/#website\"},\"datePublished\":\"2023-06-17T15:37:57+00:00\",\"dateModified\":\"2024-01-04T16:34:26+00:00\",\"breadcrumb\":{\"@id\":\"https:\/\/cycle-leipzig.com\/fr\/questions-reponses-sur-la-location-de-velos\/#breadcrumb\"},\"inLanguage\":\"fr-FR\",\"potentialAction\":[{\"@type\":\"ReadAction\",\"target\":[\"https:\/\/cycle-leipzig.com\/fr\/questions-reponses-sur-la-location-de-velos\/\"]}]},{\"@type\":\"BreadcrumbList\",\"@id\":\"https:\/\/cycle-leipzig.com\/fr\/questions-reponses-sur-la-location-de-velos\/#breadcrumb\",\"itemListElement\":[{\"@type\":\"ListItem\",\"position\":1,\"name\":\"Startseite\",\"item\":\"https:\/\/cycle-leipzig.com\/fr\/home\/\"},{\"@type\":\"ListItem\",\"position\":2,\"name\":\"Questions &amp; r\u00e9ponses sur la location de v\u00e9los\"}]},{\"@type\":\"WebSite\",\"@id\":\"https:\/\/cycle-leipzig.com\/fr\/#website\",\"url\":\"https:\/\/cycle-leipzig.com\/fr\/\",\"name\":\"Cycle-Leipzig.de - Rent a Bike\",\"description\":\"eBike &amp; Fahrrad mieten in Leipzig Zentrum\",\"publisher\":{\"@id\":\"https:\/\/cycle-leipzig.com\/fr\/#organization\"},\"alternateName\":\"Fahrrad oder E-Bike mieten im Zentrum von Leipzig\",\"potentialAction\":[{\"@type\":\"SearchAction\",\"target\":{\"@type\":\"EntryPoint\",\"urlTemplate\":\"https:\/\/cycle-leipzig.com\/fr\/?s={search_term_string}\"},\"query-input\":\"required name=search_term_string\"}],\"inLanguage\":\"fr-FR\"},{\"@type\":\"Organization\",\"@id\":\"https:\/\/cycle-leipzig.com\/fr\/#organization\",\"name\":\"Cycle-Leipzig.de powerd by eBike-Haus.de GmbH\",\"url\":\"https:\/\/cycle-leipzig.com\/fr\/\",\"logo\":{\"@type\":\"ImageObject\",\"inLanguage\":\"fr-FR\",\"@id\":\"https:\/\/cycle-leipzig.com\/fr\/#\/schema\/logo\/image\/\",\"url\":\"https:\/\/cycle-leipzig.com\/wp-content\/uploads\/2023\/09\/Cycle-Leipzig_Logo.png\",\"contentUrl\":\"https:\/\/cycle-leipzig.com\/wp-content\/uploads\/2023\/09\/Cycle-Leipzig_Logo.png\",\"width\":2000,\"height\":1576,\"caption\":\"Cycle-Leipzig.de powerd by eBike-Haus.de GmbH\"},\"image\":{\"@id\":\"https:\/\/cycle-leipzig.com\/fr\/#\/schema\/logo\/image\/\"}}]}<\/script>\n<!-- \/ Yoast SEO plugin. -->","yoast_head_json":{"title":"Questions &amp; r\u00e9ponses sur la location de v\u00e9los - Cycle-Leipzig.de - Rent a Bike","robots":{"index":"noindex","follow":"follow","max-snippet":"max-snippet:-1","max-image-preview":"max-image-preview:large","max-video-preview":"max-video-preview:-1"},"og_locale":"fr_FR","og_type":"article","og_title":"Questions &amp; r\u00e9ponses sur la location de v\u00e9los - Cycle-Leipzig.de - Rent a Bike","og_description":"Ai-je besoin d&rsquo;une carte d&rsquo;identit\u00e9 ? Oui, vous avez besoin d&rsquo;une carte d&rsquo;identit\u00e9 pour la remise. Un permis de conduire, un passeport ou tout autre document ne fonctionne malheureusement pas. Nous enregistrons un scan de la carte d&rsquo;identit\u00e9 et l&rsquo;effa\u00e7ons dans les 7 jours suivant la restitution du v\u00e9lo de location. Dois-je d\u00e9poser une caution...","og_url":"https:\/\/cycle-leipzig.com\/fr\/questions-reponses-sur-la-location-de-velos\/","og_site_name":"Cycle-Leipzig.de - Rent a Bike","article_modified_time":"2024-01-04T16:34:26+00:00","og_image":[{"width":1903,"height":2012,"url":"https:\/\/cycle-leipzig.com\/wp-content\/uploads\/2023\/07\/20190421_183953_5-jpg.webp","type":"image\/jpeg"}],"twitter_card":"summary_large_image","twitter_misc":{"Dur\u00e9e de lecture estim\u00e9e":"2 minutes"},"schema":{"@context":"https:\/\/schema.org","@graph":[{"@type":"WebPage","@id":"https:\/\/cycle-leipzig.com\/fr\/questions-reponses-sur-la-location-de-velos\/","url":"https:\/\/cycle-leipzig.com\/fr\/questions-reponses-sur-la-location-de-velos\/","name":"Questions &amp; r\u00e9ponses sur la location de v\u00e9los - Cycle-Leipzig.de - Rent a Bike","isPartOf":{"@id":"https:\/\/cycle-leipzig.com\/fr\/#website"},"datePublished":"2023-06-17T15:37:57+00:00","dateModified":"2024-01-04T16:34:26+00:00","breadcrumb":{"@id":"https:\/\/cycle-leipzig.com\/fr\/questions-reponses-sur-la-location-de-velos\/#breadcrumb"},"inLanguage":"fr-FR","potentialAction":[{"@type":"ReadAction","target":["https:\/\/cycle-leipzig.com\/fr\/questions-reponses-sur-la-location-de-velos\/"]}]},{"@type":"BreadcrumbList","@id":"https:\/\/cycle-leipzig.com\/fr\/questions-reponses-sur-la-location-de-velos\/#breadcrumb","itemListElement":[{"@type":"ListItem","position":1,"name":"Startseite","item":"https:\/\/cycle-leipzig.com\/fr\/home\/"},{"@type":"ListItem","position":2,"name":"Questions &amp; r\u00e9ponses sur la location de v\u00e9los"}]},{"@type":"WebSite","@id":"https:\/\/cycle-leipzig.com\/fr\/#website","url":"https:\/\/cycle-leipzig.com\/fr\/","name":"Cycle-Leipzig.de - Rent a Bike","description":"eBike &amp; Fahrrad mieten in Leipzig Zentrum","publisher":{"@id":"https:\/\/cycle-leipzig.com\/fr\/#organization"},"alternateName":"Fahrrad oder E-Bike mieten im Zentrum von Leipzig","potentialAction":[{"@type":"SearchAction","target":{"@type":"EntryPoint","urlTemplate":"https:\/\/cycle-leipzig.com\/fr\/?s={search_term_string}"},"query-input":"required name=search_term_string"}],"inLanguage":"fr-FR"},{"@type":"Organization","@id":"https:\/\/cycle-leipzig.com\/fr\/#organization","name":"Cycle-Leipzig.de powerd by eBike-Haus.de GmbH","url":"https:\/\/cycle-leipzig.com\/fr\/","logo":{"@type":"ImageObject","inLanguage":"fr-FR","@id":"https:\/\/cycle-leipzig.com\/fr\/#\/schema\/logo\/image\/","url":"https:\/\/cycle-leipzig.com\/wp-content\/uploads\/2023\/09\/Cycle-Leipzig_Logo.png","contentUrl":"https:\/\/cycle-leipzig.com\/wp-content\/uploads\/2023\/09\/Cycle-Leipzig_Logo.png","width":2000,"height":1576,"caption":"Cycle-Leipzig.de powerd by eBike-Haus.de GmbH"},"image":{"@id":"https:\/\/cycle-leipzig.com\/fr\/#\/schema\/logo\/image\/"}}]}},"_links":{"self":[{"href":"https:\/\/cycle-leipzig.com\/fr\/wp-json\/wp\/v2\/pages\/507","targetHints":{"allow":["GET"]}}],"collection":[{"href":"https:\/\/cycle-leipzig.com\/fr\/wp-json\/wp\/v2\/pages"}],"about":[{"href":"https:\/\/cycle-leipzig.com\/fr\/wp-json\/wp\/v2\/types\/page"}],"author":[{"embeddable":true,"href":"https:\/\/cycle-leipzig.com\/fr\/wp-json\/wp\/v2\/users\/1"}],"replies":[{"embeddable":true,"href":"https:\/\/cycle-leipzig.com\/fr\/wp-json\/wp\/v2\/comments?post=507"}],"version-history":[{"count":1,"href":"https:\/\/cycle-leipzig.com\/fr\/wp-json\/wp\/v2\/pages\/507\/revisions"}],"predecessor-version":[{"id":510,"href":"https:\/\/cycle-leipzig.com\/fr\/wp-json\/wp\/v2\/pages\/507\/revisions\/510"}],"wp:featuredmedia":[{"embeddable":true,"href":"https:\/\/cycle-leipzig.com\/fr\/wp-json\/wp\/v2\/media\/477"}],"wp:attachment":[{"href":"https:\/\/cycle-leipzig.com\/fr\/wp-json\/wp\/v2\/media?parent=507"}],"curies":[{"name":"wp","href":"https:\/\/api.w.org\/{rel}","templated":true}]}}