{"id":518,"date":"2023-06-28T18:32:32","date_gmt":"2023-06-28T16:32:32","guid":{"rendered":"https:\/\/cycle-leipzig.com\/louer-des-velos-electriques-chez-cycle-leipzig-de\/"},"modified":"2024-01-11T15:44:17","modified_gmt":"2024-01-11T14:44:17","slug":"louer-des-velos-electriques-chez-cycle-leipzig-de","status":"publish","type":"page","link":"https:\/\/cycle-leipzig.com\/fr\/louer-des-velos-electriques-chez-cycle-leipzig-de\/","title":{"rendered":"Louer des v\u00e9los \u00e9lectriques chez Cycle-Leipzig.de"},"content":{"rendered":"<p>Vous pr\u00e9voyez un voyage \u00e0 Leipzig et souhaitez d\u00e9couvrir la ville de la mani\u00e8re la plus belle et la plus d\u00e9tendue possible ? Cycle-Leipzig.de est la bonne adresse ! Nous vous offrons la possibilit\u00e9 de<strong> louer<\/strong> un<strong> v\u00e9lo \u00e9lectrique et de d\u00e9couvrir Leipzig et ses environs sur deux roues<\/strong>.<br \/>Situ\u00e9 au centre de Leipzig &#8211; Facile d&rsquo;acc\u00e8s<br \/>Notre <strong>service de location de v\u00e9los est situ\u00e9 au c\u0153ur de Leipzig<\/strong>, ce qui vous permet de vous rendre facilement chez nous. \u00c0 quelques pas de la gare ou \u00e0 quelques m\u00e8tres de l&rsquo;Augustusplatz, vous pouvez nous rejoindre en voiture, avec les transports en commun ou \u00e0 pied &#8211; nous sommes faciles d&rsquo;acc\u00e8s et vous offrons un service absolument sans complications. Pas de t\u00e9l\u00e9chargement d&rsquo;application, pas d&rsquo;inscription compliqu\u00e9e. <a href=\"http:\/\/cycle-keipzig.de\">Il suffit de r\u00e9server<\/a> ou de passer.<\/p>\n\n<div class=\"wrap plugin-container\">\n\n\t\n\t\n\t<div class=\"vri-page-content\">\r\n\t<h3 class=\"vriclistheadt\">E-Bike<\/h3>\r\n\t\t<div class=\"vrilistcontainer\">\r\n\t\t<div class=\"vri-list-item-block\">\r\n\t\t\t<div class=\"vri-list-item-inner\">\r\n\t\t\t\t\t\t\t<div class=\"vri-list-item-img\">\r\n\t\t\t\t\t<img decoding=\"async\" src=\"https:\/\/cycle-leipzig.com\/wp-content\/plugins\/vikrentitems\/admin\/resources\/vthumb_2ebike_flair_diagonal.png\" alt=\"\" class=\"vrilistimg\"\/>\r\n\t\t\t\t<\/div>\r\n\t\t\t\t\t\t\t\t<div class=\"vri-list-item-descr\">\r\n\t\t\t\t\t<span class=\"vrilistitemname\">Flair City V\u00e9lo \u00e9lectrique <\/span>\r\n\t\t\t\t\t<span class=\"vrilistitemcat\">E-Bike<\/span>\r\n\t\t\t\t\t<div class=\"vrilistitemdescr\">\r\n\t\t\t\t\t\t<p>Taille : 1,60m - 1,85m, moyeu \u00e0 vitesses int\u00e9gr\u00e9es, r\u00e9trop\u00e9dalage<\/p>\n\t\t\t\t\t<\/div>\r\n\t\t\t\t\t\t\t\t\t<div class=\"vrilistitemcarats\"><ul class=\"vriulcarats\">\n<li>Citybike<\/li>\n<\/ul>\n<\/div>\r\n\t\t\t\t\t\t\t\t\t<\/div>\r\n\t\t\t<\/div>\r\n\t\t\t<div class=\"vri-list-item-cont\">\r\n\t\t\t\t<div class=\"vrilistcostdivcont\">\r\n\t\t\t\t\t\t\t\t\t\t<div class=\"vrilistdivcost\">\r\n\t\t\t\t\t\t<span class=\"vriliststartfrom\">Starting From<\/span>\r\n\t\t\t\t\t\t<span class=\"item_cost\">\u20ac 25,00<\/span>\r\n\t\t\t\t\t\t<span class=\"vriliststartfromtext\">per Hour<\/span>\r\n\t\t\t\t\t<\/div>\r\n\t\t\t\t\t\t\t\t\t\t<span class=\"vrilistgoonlist\"><a href=\"https:\/\/cycle-leipzig.com\/fr\/louer-des-velos-electriques-chez-cycle-leipzig-de\/?option=com_vikrentitems&amp;view=itemdetails&amp;elemid=1\">View Details<\/a><\/span>\r\n\t\t\t\t<\/div>\r\n\t\t\t<\/div>\r\n\t\t<\/div>\r\n\t\t\t<div class=\"vri-list-item-block\">\r\n\t\t\t<div class=\"vri-list-item-inner\">\r\n\t\t\t\t\t\t\t<div class=\"vri-list-item-img\">\r\n\t\t\t\t\t<img decoding=\"async\" src=\"https:\/\/cycle-leipzig.com\/wp-content\/plugins\/vikrentitems\/admin\/resources\/1ebike_klapprad_diagonal.png\" alt=\"\" class=\"vrilistimg\"\/>\r\n\t\t\t\t<\/div>\r\n\t\t\t\t\t\t\t\t<div class=\"vri-list-item-descr\">\r\n\t\t\t\t\t<span class=\"vrilistitemname\">Kompaktrad 20 Zoll<\/span>\r\n\t\t\t\t\t<span class=\"vrilistitemcat\">E-Bike<\/span>\r\n\t\t\t\t\t<div class=\"vrilistitemdescr\">\r\n\t\t\t\t\t\t<p>K\u00f6rpergr\u00f6\u00dfe: 1,50m - 1,85m, Nabenschaltung, R\u00fccktritt<\/p>\n\t\t\t\t\t<\/div>\r\n\t\t\t\t\t\t\t\t\t<div class=\"vrilistitemcarats\"><ul class=\"vriulcarats\">\n<li>Citybike<\/li>\n<li>kleine Menschen<\/li>\n<\/ul>\n<\/div>\r\n\t\t\t\t\t\t\t\t\t<\/div>\r\n\t\t\t<\/div>\r\n\t\t\t<div class=\"vri-list-item-cont\">\r\n\t\t\t\t<div class=\"vrilistcostdivcont\">\r\n\t\t\t\t\t\t\t\t\t\t<div class=\"vrilistdivcost\">\r\n\t\t\t\t\t\t<span class=\"vriliststartfrom\">Starting From<\/span>\r\n\t\t\t\t\t\t<span class=\"item_cost\">\u20ac 25,00<\/span>\r\n\t\t\t\t\t\t<span class=\"vriliststartfromtext\">per Hour<\/span>\r\n\t\t\t\t\t<\/div>\r\n\t\t\t\t\t\t\t\t\t\t<span class=\"vrilistgoonlist\"><a href=\"https:\/\/cycle-leipzig.com\/fr\/louer-des-velos-electriques-chez-cycle-leipzig-de\/?option=com_vikrentitems&amp;view=itemdetails&amp;elemid=9\">View Details<\/a><\/span>\r\n\t\t\t\t<\/div>\r\n\t\t\t<\/div>\r\n\t\t<\/div>\r\n\t\t\t<div class=\"vri-list-item-block\">\r\n\t\t\t<div class=\"vri-list-item-inner\">\r\n\t\t\t\t\t\t\t<div class=\"vri-list-item-img\">\r\n\t\t\t\t\t<img decoding=\"async\" src=\"https:\/\/cycle-leipzig.com\/wp-content\/plugins\/vikrentitems\/admin\/resources\/vthumb_1ebike_city_diagonal.png\" alt=\"\" class=\"vrilistimg\"\/>\r\n\t\t\t\t<\/div>\r\n\t\t\t\t\t\t\t\t<div class=\"vri-list-item-descr\">\r\n\t\t\t\t\t<span class=\"vrilistitemname\">City eBike wei\u00df<\/span>\r\n\t\t\t\t\t<span class=\"vrilistitemcat\">E-Bike<\/span>\r\n\t\t\t\t\t<div class=\"vrilistitemdescr\">\r\n\t\t\t\t\t\t<p>K\u00f6rpergr\u00f6\u00dfe: 1,60m - 1,90m, Nabenschaltung, kein R\u00fccktritt<\/p>\n\t\t\t\t\t<\/div>\r\n\t\t\t\t\t\t\t\t\t<div class=\"vrilistitemcarats\"><ul class=\"vriulcarats\">\n<li>Citybike<\/li>\n<\/ul>\n<\/div>\r\n\t\t\t\t\t\t\t\t\t<\/div>\r\n\t\t\t<\/div>\r\n\t\t\t<div class=\"vri-list-item-cont\">\r\n\t\t\t\t<div class=\"vrilistcostdivcont\">\r\n\t\t\t\t\t\t\t\t\t\t<div class=\"vrilistdivcost\">\r\n\t\t\t\t\t\t<span class=\"vriliststartfrom\">Starting From<\/span>\r\n\t\t\t\t\t\t<span class=\"item_cost\">\u20ac 29,00<\/span>\r\n\t\t\t\t\t\t<span class=\"vriliststartfromtext\">per Hour<\/span>\r\n\t\t\t\t\t<\/div>\r\n\t\t\t\t\t\t\t\t\t\t<span class=\"vrilistgoonlist\"><a href=\"https:\/\/cycle-leipzig.com\/fr\/louer-des-velos-electriques-chez-cycle-leipzig-de\/?option=com_vikrentitems&amp;view=itemdetails&amp;elemid=2\">View Details<\/a><\/span>\r\n\t\t\t\t<\/div>\r\n\t\t\t<\/div>\r\n\t\t<\/div>\r\n\t\t\t<div class=\"vri-list-item-block\">\r\n\t\t\t<div class=\"vri-list-item-inner\">\r\n\t\t\t\t\t\t\t<div class=\"vri-list-item-img\">\r\n\t\t\t\t\t<img decoding=\"async\" src=\"https:\/\/cycle-leipzig.com\/wp-content\/plugins\/vikrentitems\/admin\/resources\/2ebike_miami_diagonal.png\" alt=\"\" class=\"vrilistimg\"\/>\r\n\t\t\t\t<\/div>\r\n\t\t\t\t\t\t\t\t<div class=\"vri-list-item-descr\">\r\n\t\t\t\t\t<span class=\"vrilistitemname\">Cruiser eBike<\/span>\r\n\t\t\t\t\t<span class=\"vrilistitemcat\">E-Bike<\/span>\r\n\t\t\t\t\t<div class=\"vrilistitemdescr\">\r\n\t\t\t\t\t\t<p>Taille : 1,60m \u00e0 1,90m, d\u00e9railleur, cruiser \u00e9lectrique<\/p>\n\t\t\t\t\t<\/div>\r\n\t\t\t\t\t\t\t\t\t<div class=\"vrilistitemcarats\"><ul class=\"vriulcarats\">\n<li>Citybike<\/li>\n<li>Herrenrad<\/li>\n<\/ul>\n<\/div>\r\n\t\t\t\t\t\t\t\t\t<\/div>\r\n\t\t\t<\/div>\r\n\t\t\t<div class=\"vri-list-item-cont\">\r\n\t\t\t\t<div class=\"vrilistcostdivcont\">\r\n\t\t\t\t\t\t\t\t\t\t<div class=\"vrilistdivcost\">\r\n\t\t\t\t\t\t<span class=\"vriliststartfrom\">Starting From<\/span>\r\n\t\t\t\t\t\t<span class=\"item_cost\">\u20ac 29,00<\/span>\r\n\t\t\t\t\t\t<span class=\"vriliststartfromtext\">per Hour<\/span>\r\n\t\t\t\t\t<\/div>\r\n\t\t\t\t\t\t\t\t\t\t<span class=\"vrilistgoonlist\"><a href=\"https:\/\/cycle-leipzig.com\/fr\/louer-des-velos-electriques-chez-cycle-leipzig-de\/?option=com_vikrentitems&amp;view=itemdetails&amp;elemid=3\">View Details<\/a><\/span>\r\n\t\t\t\t<\/div>\r\n\t\t\t<\/div>\r\n\t\t<\/div>\r\n\t\t\t<div class=\"vri-list-item-block\">\r\n\t\t\t<div class=\"vri-list-item-inner\">\r\n\t\t\t\t\t\t\t<div class=\"vri-list-item-img\">\r\n\t\t\t\t\t<img decoding=\"async\" src=\"https:\/\/cycle-leipzig.com\/wp-content\/plugins\/vikrentitems\/admin\/resources\/2ebike_mtb_diagonal.png\" alt=\"\" class=\"vrilistimg\"\/>\r\n\t\t\t\t<\/div>\r\n\t\t\t\t\t\t\t\t<div class=\"vri-list-item-descr\">\r\n\t\t\t\t\t<span class=\"vrilistitemname\">eMountainbike Heckmotor<\/span>\r\n\t\t\t\t\t<span class=\"vrilistitemcat\">E-Bike<\/span>\r\n\t\t\t\t\t<div class=\"vrilistitemdescr\">\r\n\t\t\t\t\t\t<p>Taille : 1,60m \u00e0 1,90m, d\u00e9railleur, VTT<\/p>\n\t\t\t\t\t<\/div>\r\n\t\t\t\t\t\t\t\t\t<div class=\"vrilistitemcarats\"><ul class=\"vriulcarats\">\n<li>Mountainbike<\/li>\n<li>Herrenrad<\/li>\n<\/ul>\n<\/div>\r\n\t\t\t\t\t\t\t\t\t<\/div>\r\n\t\t\t<\/div>\r\n\t\t\t<div class=\"vri-list-item-cont\">\r\n\t\t\t\t<div class=\"vrilistcostdivcont\">\r\n\t\t\t\t\t\t\t\t\t\t<div class=\"vrilistdivcost\">\r\n\t\t\t\t\t\t<span class=\"vriliststartfrom\">Starting From<\/span>\r\n\t\t\t\t\t\t<span class=\"item_cost\">\u20ac 29,00<\/span>\r\n\t\t\t\t\t\t<span class=\"vriliststartfromtext\">per Hour<\/span>\r\n\t\t\t\t\t<\/div>\r\n\t\t\t\t\t\t\t\t\t\t<span class=\"vrilistgoonlist\"><a href=\"https:\/\/cycle-leipzig.com\/fr\/louer-des-velos-electriques-chez-cycle-leipzig-de\/?option=com_vikrentitems&amp;view=itemdetails&amp;elemid=4\">View Details<\/a><\/span>\r\n\t\t\t\t<\/div>\r\n\t\t\t<\/div>\r\n\t\t<\/div>\r\n\t\t<\/div>\r\n\r\n<\/div>\r\n\n<\/div>\n\n\n<p><\/p>\n\n<h3 class=\"wp-block-heading\"><strong>Assurance contre le vol incluse &#8211; Voyager sans souci<\/strong><\/h3>\n\n<p><\/p>\n\n<p>Chez nous, chaque v\u00e9lo \u00e9lectrique est prot\u00e9g\u00e9 par une assurance contre le vol, afin que vous n&rsquo;ayez aucun souci \u00e0 vous faire pendant votre randonn\u00e9e. Profitez de votre voyage \u00e0 travers Leipzig et ses environs sans avoir \u00e0 vous soucier de la s\u00e9curit\u00e9 de votre v\u00e9lo de location.<br\/>Parlons s\u00e9curit\u00e9 : en tant que magasin de v\u00e9los \u00e9lectriques, nous avons bien s\u00fbr <a href=\"https:\/\/ebike-haus.de\/Werkstatt-Service\" target=\"_blank\" rel=\"noreferrer noopener\">notre propre atelier<\/a> avec un m\u00e9canicien qualifi\u00e9. Nos v\u00e9los sont ainsi entretenus de mani\u00e8re optimale.<\/p>\n\n<h3 class=\"wp-block-heading\"><strong>Support gratuit pour t\u00e9l\u00e9phone portable &#8211; Garder une vue d&rsquo;ensemble lors de la location d&rsquo;un v\u00e9lo \u00e9lectrique<\/strong><\/h3>\n\n<p><\/p>\n\n<p>En plus, nous vous offrons un support pratique pour votre smartphone afin que vous puissiez toujours garder une vue d&rsquo;ensemble pendant le trajet. Ainsi, vous avez toujours votre application de navigation sous les yeux et vous pouvez man\u0153uvrer sans probl\u00e8me dans les rues de Leipzig.<\/p>\n\n<h3 class=\"wp-block-heading\"><strong>De nombreux mod\u00e8les de v\u00e9los \u00e9lectriques au choix &#8211; A chacun le v\u00e9lo qui lui convient<\/strong><\/h3>\n\n<p><\/p>\n\n<p>Nous avons un grand choix de diff\u00e9rents mod\u00e8les de v\u00e9los \u00e9lectriques en location, de sorte qu&rsquo;il y en a pour tous les go\u00fbts. Qu&rsquo;il s&rsquo;agisse d&rsquo;un v\u00e9lo \u00e9lectrique de ville, d&rsquo;un VTT ou d&rsquo;un v\u00e9lo \u00e9lectrique de randonn\u00e9e, vous trouverez chez nous \u00e0 coup s\u00fbr le bon v\u00e9hicule pour votre tour \u00e0 Leipzig.<\/p>\n\n<h3 class=\"wp-block-heading\">D\u00e9couvre Leipzig et ses environs &#8211; Atteindre des destinations attrayantes en v\u00e9lo \u00e9lectrique<\/h3>\n\n<p>Leipzig offre de nombreuses destinations sympas que vous pouvez atteindre facilement en louant un v\u00e9lo \u00e9lectrique. Que diriez-vous d&rsquo;un <strong>tour dans le Neuseenland de Leipzig<\/strong>? L\u00e0, vous pourrez explorer l&rsquo;idyllique lac de Markkleeberg et faire une pause rafra\u00eechissante. Avec l&rsquo;un de nos v\u00e9los \u00e9lectriques ultramodernes, vous \u00eates flexibles et pouvez profiter pleinement de la nature.<\/p>\n\n<p>L&rsquo;<a href=\"https:\/\/www.stiftung-voelkerschlachtdenkmal-leipzig.de\/\" target=\"_blank\" rel=\"noreferrer noopener\">imposant monument de la bataille des Nations<\/a>, qui comm\u00e9more la bataille de Leipzig, est un autre point fort de la ville. Avec un v\u00e9lo \u00e9lectrique, vous serez rapidement sur place et pourrez admirer de pr\u00e8s ce monument charg\u00e9 d&rsquo;histoire.<\/p>\n\n<p>Et n&rsquo;oubliez pas le quartier anim\u00e9 de Plagwitz ! Des quartiers cr\u00e9atifs, de l&rsquo;art urbain et une sc\u00e8ne anim\u00e9e vous y attendent. Avec l&rsquo;un de nos v\u00e9los \u00e9lectriques, vous \u00eates mobiles et pouvez d\u00e9couvrir les spots les plus cools de Plagwitz.<\/p>\n\n<p>Alors, qu&rsquo;est-ce que vous attendez ? Louez un v\u00e9lo \u00e9lectrique chez Cycle-Leipzig.de et d\u00e9couvrez Leipzig d&rsquo;une mani\u00e8re nouvelle et passionnante ! Que ce soit pour une excursion d&rsquo;une journ\u00e9e ou pour un s\u00e9jour plus long, avec nos v\u00e9los \u00e9lectriques, vous serez parfaitement \u00e9quip\u00e9s pour explorer Leipzig et ses environs.<\/p>\n","protected":false},"excerpt":{"rendered":"<p>Vous pr\u00e9voyez un voyage \u00e0 Leipzig et souhaitez d\u00e9couvrir la ville de la mani\u00e8re la plus belle et la plus d\u00e9tendue possible ? Cycle-Leipzig.de est la bonne adresse ! Nous vous offrons la possibilit\u00e9 de louer un v\u00e9lo \u00e9lectrique et de d\u00e9couvrir Leipzig et ses environs sur deux roues.Situ\u00e9 au centre de Leipzig &#8211; Facile&#8230;<\/p>\n","protected":false},"author":1,"featured_media":450,"parent":0,"menu_order":0,"comment_status":"closed","ping_status":"closed","template":"","meta":{"_kad_post_transparent":"","_kad_post_title":"","_kad_post_layout":"","_kad_post_sidebar_id":"","_kad_post_content_style":"","_kad_post_vertical_padding":"","_kad_post_feature":"","_kad_post_feature_position":"","_kad_post_header":false,"_kad_post_footer":false,"footnotes":""},"class_list":["post-518","page","type-page","status-publish","has-post-thumbnail","hentry"],"yoast_head":"<!-- This site is optimized with the Yoast SEO plugin v21.9.1 - https:\/\/yoast.com\/wordpress\/plugins\/seo\/ -->\n<title>Louer des v\u00e9los \u00e9lectriques chez Cycle-Leipzig.de - Cycle-Leipzig.de - Rent a Bike<\/title>\n<meta name=\"description\" content=\"Loue maintenant ton v\u00e9lo \u00e9lectrique \u00e0 Leipzig. Commence ta visite des lacs de Leipzig directement au centre. Superbe voyage avec Cycle-Leipzig.de\" \/>\n<meta name=\"robots\" content=\"noindex, follow, max-snippet:-1, max-image-preview:large, max-video-preview:-1\" \/>\n<meta property=\"og:locale\" content=\"fr_FR\" \/>\n<meta property=\"og:type\" content=\"article\" \/>\n<meta property=\"og:title\" content=\"Louer des v\u00e9los \u00e9lectriques chez Cycle-Leipzig.de - Cycle-Leipzig.de - Rent a Bike\" \/>\n<meta property=\"og:description\" content=\"Loue maintenant ton v\u00e9lo \u00e9lectrique \u00e0 Leipzig. Commence ta visite des lacs de Leipzig directement au centre. Superbe voyage avec Cycle-Leipzig.de\" \/>\n<meta property=\"og:url\" content=\"https:\/\/cycle-leipzig.com\/fr\/louer-des-velos-electriques-chez-cycle-leipzig-de\/\" \/>\n<meta property=\"og:site_name\" content=\"Cycle-Leipzig.de - Rent a Bike\" \/>\n<meta property=\"article:modified_time\" content=\"2024-01-11T14:44:17+00:00\" \/>\n<meta property=\"og:image\" content=\"https:\/\/cycle-leipzig.com\/wp-content\/uploads\/2023\/07\/Headerbild-jpg.webp\" \/>\n\t<meta property=\"og:image:width\" content=\"1870\" \/>\n\t<meta property=\"og:image:height\" content=\"280\" \/>\n\t<meta property=\"og:image:type\" content=\"image\/jpeg\" \/>\n<meta name=\"twitter:card\" content=\"summary_large_image\" \/>\n<meta name=\"twitter:label1\" content=\"Dur\u00e9e de lecture estim\u00e9e\" \/>\n\t<meta name=\"twitter:data1\" content=\"3 minutes\" \/>\n<script type=\"application\/ld+json\" class=\"yoast-schema-graph\">{\"@context\":\"https:\/\/schema.org\",\"@graph\":[{\"@type\":\"WebPage\",\"@id\":\"https:\/\/cycle-leipzig.com\/fr\/louer-des-velos-electriques-chez-cycle-leipzig-de\/\",\"url\":\"https:\/\/cycle-leipzig.com\/fr\/louer-des-velos-electriques-chez-cycle-leipzig-de\/\",\"name\":\"Louer des v\u00e9los \u00e9lectriques chez Cycle-Leipzig.de - Cycle-Leipzig.de - Rent a Bike\",\"isPartOf\":{\"@id\":\"https:\/\/cycle-leipzig.com\/fr\/#website\"},\"datePublished\":\"2023-06-28T16:32:32+00:00\",\"dateModified\":\"2024-01-11T14:44:17+00:00\",\"description\":\"Loue maintenant ton v\u00e9lo \u00e9lectrique \u00e0 Leipzig. Commence ta visite des lacs de Leipzig directement au centre. Superbe voyage avec Cycle-Leipzig.de\",\"breadcrumb\":{\"@id\":\"https:\/\/cycle-leipzig.com\/fr\/louer-des-velos-electriques-chez-cycle-leipzig-de\/#breadcrumb\"},\"inLanguage\":\"fr-FR\",\"potentialAction\":[{\"@type\":\"ReadAction\",\"target\":[\"https:\/\/cycle-leipzig.com\/fr\/louer-des-velos-electriques-chez-cycle-leipzig-de\/\"]}]},{\"@type\":\"BreadcrumbList\",\"@id\":\"https:\/\/cycle-leipzig.com\/fr\/louer-des-velos-electriques-chez-cycle-leipzig-de\/#breadcrumb\",\"itemListElement\":[{\"@type\":\"ListItem\",\"position\":1,\"name\":\"Startseite\",\"item\":\"https:\/\/cycle-leipzig.com\/fr\/home\/\"},{\"@type\":\"ListItem\",\"position\":2,\"name\":\"Louer des v\u00e9los \u00e9lectriques chez Cycle-Leipzig.de\"}]},{\"@type\":\"WebSite\",\"@id\":\"https:\/\/cycle-leipzig.com\/fr\/#website\",\"url\":\"https:\/\/cycle-leipzig.com\/fr\/\",\"name\":\"Cycle-Leipzig.de - Rent a Bike\",\"description\":\"eBike &amp; Fahrrad mieten in Leipzig Zentrum\",\"publisher\":{\"@id\":\"https:\/\/cycle-leipzig.com\/fr\/#organization\"},\"alternateName\":\"Fahrrad oder E-Bike mieten im Zentrum von Leipzig\",\"potentialAction\":[{\"@type\":\"SearchAction\",\"target\":{\"@type\":\"EntryPoint\",\"urlTemplate\":\"https:\/\/cycle-leipzig.com\/fr\/?s={search_term_string}\"},\"query-input\":\"required name=search_term_string\"}],\"inLanguage\":\"fr-FR\"},{\"@type\":\"Organization\",\"@id\":\"https:\/\/cycle-leipzig.com\/fr\/#organization\",\"name\":\"Cycle-Leipzig.de powerd by eBike-Haus.de GmbH\",\"url\":\"https:\/\/cycle-leipzig.com\/fr\/\",\"logo\":{\"@type\":\"ImageObject\",\"inLanguage\":\"fr-FR\",\"@id\":\"https:\/\/cycle-leipzig.com\/fr\/#\/schema\/logo\/image\/\",\"url\":\"https:\/\/cycle-leipzig.com\/wp-content\/uploads\/2023\/09\/Cycle-Leipzig_Logo.png\",\"contentUrl\":\"https:\/\/cycle-leipzig.com\/wp-content\/uploads\/2023\/09\/Cycle-Leipzig_Logo.png\",\"width\":2000,\"height\":1576,\"caption\":\"Cycle-Leipzig.de powerd by eBike-Haus.de GmbH\"},\"image\":{\"@id\":\"https:\/\/cycle-leipzig.com\/fr\/#\/schema\/logo\/image\/\"}}]}<\/script>\n<!-- \/ Yoast SEO plugin. -->","yoast_head_json":{"title":"Louer des v\u00e9los \u00e9lectriques chez Cycle-Leipzig.de - Cycle-Leipzig.de - Rent a Bike","description":"Loue maintenant ton v\u00e9lo \u00e9lectrique \u00e0 Leipzig. Commence ta visite des lacs de Leipzig directement au centre. Superbe voyage avec Cycle-Leipzig.de","robots":{"index":"noindex","follow":"follow","max-snippet":"max-snippet:-1","max-image-preview":"max-image-preview:large","max-video-preview":"max-video-preview:-1"},"og_locale":"fr_FR","og_type":"article","og_title":"Louer des v\u00e9los \u00e9lectriques chez Cycle-Leipzig.de - Cycle-Leipzig.de - Rent a Bike","og_description":"Loue maintenant ton v\u00e9lo \u00e9lectrique \u00e0 Leipzig. Commence ta visite des lacs de Leipzig directement au centre. Superbe voyage avec Cycle-Leipzig.de","og_url":"https:\/\/cycle-leipzig.com\/fr\/louer-des-velos-electriques-chez-cycle-leipzig-de\/","og_site_name":"Cycle-Leipzig.de - Rent a Bike","article_modified_time":"2024-01-11T14:44:17+00:00","og_image":[{"width":1870,"height":280,"url":"https:\/\/cycle-leipzig.com\/wp-content\/uploads\/2023\/07\/Headerbild-jpg.webp","type":"image\/jpeg"}],"twitter_card":"summary_large_image","twitter_misc":{"Dur\u00e9e de lecture estim\u00e9e":"3 minutes"},"schema":{"@context":"https:\/\/schema.org","@graph":[{"@type":"WebPage","@id":"https:\/\/cycle-leipzig.com\/fr\/louer-des-velos-electriques-chez-cycle-leipzig-de\/","url":"https:\/\/cycle-leipzig.com\/fr\/louer-des-velos-electriques-chez-cycle-leipzig-de\/","name":"Louer des v\u00e9los \u00e9lectriques chez Cycle-Leipzig.de - Cycle-Leipzig.de - Rent a Bike","isPartOf":{"@id":"https:\/\/cycle-leipzig.com\/fr\/#website"},"datePublished":"2023-06-28T16:32:32+00:00","dateModified":"2024-01-11T14:44:17+00:00","description":"Loue maintenant ton v\u00e9lo \u00e9lectrique \u00e0 Leipzig. Commence ta visite des lacs de Leipzig directement au centre. Superbe voyage avec Cycle-Leipzig.de","breadcrumb":{"@id":"https:\/\/cycle-leipzig.com\/fr\/louer-des-velos-electriques-chez-cycle-leipzig-de\/#breadcrumb"},"inLanguage":"fr-FR","potentialAction":[{"@type":"ReadAction","target":["https:\/\/cycle-leipzig.com\/fr\/louer-des-velos-electriques-chez-cycle-leipzig-de\/"]}]},{"@type":"BreadcrumbList","@id":"https:\/\/cycle-leipzig.com\/fr\/louer-des-velos-electriques-chez-cycle-leipzig-de\/#breadcrumb","itemListElement":[{"@type":"ListItem","position":1,"name":"Startseite","item":"https:\/\/cycle-leipzig.com\/fr\/home\/"},{"@type":"ListItem","position":2,"name":"Louer des v\u00e9los \u00e9lectriques chez Cycle-Leipzig.de"}]},{"@type":"WebSite","@id":"https:\/\/cycle-leipzig.com\/fr\/#website","url":"https:\/\/cycle-leipzig.com\/fr\/","name":"Cycle-Leipzig.de - Rent a Bike","description":"eBike &amp; Fahrrad mieten in Leipzig Zentrum","publisher":{"@id":"https:\/\/cycle-leipzig.com\/fr\/#organization"},"alternateName":"Fahrrad oder E-Bike mieten im Zentrum von Leipzig","potentialAction":[{"@type":"SearchAction","target":{"@type":"EntryPoint","urlTemplate":"https:\/\/cycle-leipzig.com\/fr\/?s={search_term_string}"},"query-input":"required name=search_term_string"}],"inLanguage":"fr-FR"},{"@type":"Organization","@id":"https:\/\/cycle-leipzig.com\/fr\/#organization","name":"Cycle-Leipzig.de powerd by eBike-Haus.de GmbH","url":"https:\/\/cycle-leipzig.com\/fr\/","logo":{"@type":"ImageObject","inLanguage":"fr-FR","@id":"https:\/\/cycle-leipzig.com\/fr\/#\/schema\/logo\/image\/","url":"https:\/\/cycle-leipzig.com\/wp-content\/uploads\/2023\/09\/Cycle-Leipzig_Logo.png","contentUrl":"https:\/\/cycle-leipzig.com\/wp-content\/uploads\/2023\/09\/Cycle-Leipzig_Logo.png","width":2000,"height":1576,"caption":"Cycle-Leipzig.de powerd by eBike-Haus.de GmbH"},"image":{"@id":"https:\/\/cycle-leipzig.com\/fr\/#\/schema\/logo\/image\/"}}]}},"_links":{"self":[{"href":"https:\/\/cycle-leipzig.com\/fr\/wp-json\/wp\/v2\/pages\/518","targetHints":{"allow":["GET"]}}],"collection":[{"href":"https:\/\/cycle-leipzig.com\/fr\/wp-json\/wp\/v2\/pages"}],"about":[{"href":"https:\/\/cycle-leipzig.com\/fr\/wp-json\/wp\/v2\/types\/page"}],"author":[{"embeddable":true,"href":"https:\/\/cycle-leipzig.com\/fr\/wp-json\/wp\/v2\/users\/1"}],"replies":[{"embeddable":true,"href":"https:\/\/cycle-leipzig.com\/fr\/wp-json\/wp\/v2\/comments?post=518"}],"version-history":[{"count":7,"href":"https:\/\/cycle-leipzig.com\/fr\/wp-json\/wp\/v2\/pages\/518\/revisions"}],"predecessor-version":[{"id":623,"href":"https:\/\/cycle-leipzig.com\/fr\/wp-json\/wp\/v2\/pages\/518\/revisions\/623"}],"wp:featuredmedia":[{"embeddable":true,"href":"https:\/\/cycle-leipzig.com\/fr\/wp-json\/wp\/v2\/media\/450"}],"wp:attachment":[{"href":"https:\/\/cycle-leipzig.com\/fr\/wp-json\/wp\/v2\/media?parent=518"}],"curies":[{"name":"wp","href":"https:\/\/api.w.org\/{rel}","templated":true}]}}