{"id":522,"date":"2023-06-28T18:33:57","date_gmt":"2023-06-28T16:33:57","guid":{"rendered":"https:\/\/cycle-leipzig.com\/louer-des-velos-chez-cycle-leipzig-de\/"},"modified":"2023-06-28T18:33:57","modified_gmt":"2023-06-28T16:33:57","slug":"louer-des-velos-chez-cycle-leipzig-de","status":"publish","type":"page","link":"https:\/\/cycle-leipzig.com\/fr\/louer-des-velos-chez-cycle-leipzig-de\/","title":{"rendered":"Louer des v\u00e9los chez Cycle-Leipzig.de"},"content":{"rendered":"\n<div class=\"wrap plugin-container\">\n\n\t\n\t\n\t<div class=\"vri-page-content\">\r\n\t<h3 class=\"vriclistheadt\">Fahrrad (ohne Motor)<\/h3>\r\n\t\t<div class=\"vrilistcontainer\">\r\n\t\t<div class=\"vri-list-item-block\">\r\n\t\t\t<div class=\"vri-list-item-inner\">\r\n\t\t\t\t\t\t\t<div class=\"vri-list-item-img\">\r\n\t\t\t\t\t<img decoding=\"async\" src=\"https:\/\/cycle-leipzig.com\/wp-content\/plugins\/vikrentitems\/admin\/resources\/vthumb_2fahrrad_city_diagonal.png\" alt=\"\" class=\"vrilistimg\"\/>\r\n\t\t\t\t<\/div>\r\n\t\t\t\t\t\t\t\t<div class=\"vri-list-item-descr\">\r\n\t\t\t\t\t<span class=\"vrilistitemname\">Damenrad 28 Zoll<\/span>\r\n\t\t\t\t\t<span class=\"vrilistitemcat\">Fahrrad (ohne Motor)<\/span>\r\n\t\t\t\t\t<div class=\"vrilistitemdescr\">\r\n\t\t\t\t\t\t<p>K\u00f6rpergr\u00f6\u00dfe: 1,65m - 1,90, Nabenschaltung, R\u00fccktritt<\/p>\n\t\t\t\t\t<\/div>\r\n\t\t\t\t\t\t\t\t\t<div class=\"vrilistitemcarats\"><ul class=\"vriulcarats\">\n<li>Citybike<\/li>\n<\/ul>\n<\/div>\r\n\t\t\t\t\t\t\t\t\t<\/div>\r\n\t\t\t<\/div>\r\n\t\t\t<div class=\"vri-list-item-cont\">\r\n\t\t\t\t<div class=\"vrilistcostdivcont\">\r\n\t\t\t\t\t\t\t\t\t\t<div class=\"vrilistdivcost\">\r\n\t\t\t\t\t\t<span class=\"vriliststartfrom\">Starting From<\/span>\r\n\t\t\t\t\t\t<span class=\"item_cost\">\u20ac 15,00<\/span>\r\n\t\t\t\t\t\t<span class=\"vriliststartfromtext\">per Day<\/span>\r\n\t\t\t\t\t<\/div>\r\n\t\t\t\t\t\t\t\t\t\t<span class=\"vrilistgoonlist\"><a href=\"https:\/\/cycle-leipzig.com\/fr\/louer-des-velos-chez-cycle-leipzig-de\/?option=com_vikrentitems&amp;view=itemdetails&amp;elemid=5\">View Details<\/a><\/span>\r\n\t\t\t\t<\/div>\r\n\t\t\t<\/div>\r\n\t\t<\/div>\r\n\t\t\t<div class=\"vri-list-item-block\">\r\n\t\t\t<div class=\"vri-list-item-inner\">\r\n\t\t\t\t\t\t\t<div class=\"vri-list-item-img\">\r\n\t\t\t\t\t<img decoding=\"async\" src=\"https:\/\/cycle-leipzig.com\/wp-content\/plugins\/vikrentitems\/admin\/resources\/vthumb_2fahrrad_city_diagonal.png\" alt=\"\" class=\"vrilistimg\"\/>\r\n\t\t\t\t<\/div>\r\n\t\t\t\t\t\t\t\t<div class=\"vri-list-item-descr\">\r\n\t\t\t\t\t<span class=\"vrilistitemname\">Damenrad 26 Zoll<\/span>\r\n\t\t\t\t\t<span class=\"vrilistitemcat\">Fahrrad (ohne Motor)<\/span>\r\n\t\t\t\t\t<div class=\"vrilistitemdescr\">\r\n\t\t\t\t\t\t<p>K\u00f6rpergr\u00f6\u00dfe: 1,55m - 1,75, Nabenschaltung, R\u00fccktritt<\/p>\n\t\t\t\t\t<\/div>\r\n\t\t\t\t\t\t\t\t\t<div class=\"vrilistitemcarats\"><ul class=\"vriulcarats\">\n<li>Citybike<\/li>\n<\/ul>\n<\/div>\r\n\t\t\t\t\t\t\t\t\t<\/div>\r\n\t\t\t<\/div>\r\n\t\t\t<div class=\"vri-list-item-cont\">\r\n\t\t\t\t<div class=\"vrilistcostdivcont\">\r\n\t\t\t\t\t\t\t\t\t\t<div class=\"vrilistdivcost\">\r\n\t\t\t\t\t\t<span class=\"vriliststartfrom\">Starting From<\/span>\r\n\t\t\t\t\t\t<span class=\"item_cost\">\u20ac 15,00<\/span>\r\n\t\t\t\t\t\t<span class=\"vriliststartfromtext\">per Day<\/span>\r\n\t\t\t\t\t<\/div>\r\n\t\t\t\t\t\t\t\t\t\t<span class=\"vrilistgoonlist\"><a href=\"https:\/\/cycle-leipzig.com\/fr\/louer-des-velos-chez-cycle-leipzig-de\/?option=com_vikrentitems&amp;view=itemdetails&amp;elemid=6\">View Details<\/a><\/span>\r\n\t\t\t\t<\/div>\r\n\t\t\t<\/div>\r\n\t\t<\/div>\r\n\t\t\t<div class=\"vri-list-item-block\">\r\n\t\t\t<div class=\"vri-list-item-inner\">\r\n\t\t\t\t\t\t\t<div class=\"vri-list-item-img\">\r\n\t\t\t\t\t<img decoding=\"async\" src=\"https:\/\/cycle-leipzig.com\/wp-content\/plugins\/vikrentitems\/admin\/resources\/vthumb_fahrrad_mtb_diagonal.png\" alt=\"\" class=\"vrilistimg\"\/>\r\n\t\t\t\t<\/div>\r\n\t\t\t\t\t\t\t\t<div class=\"vri-list-item-descr\">\r\n\t\t\t\t\t<span class=\"vrilistitemname\">Mountainbike 27,5 Zoll<\/span>\r\n\t\t\t\t\t<span class=\"vrilistitemcat\">Fahrrad (ohne Motor)<\/span>\r\n\t\t\t\t\t<div class=\"vrilistitemdescr\">\r\n\t\t\t\t\t\t<p>K\u00f6rpergr\u00f6\u00dfe: 1,65m - 1,90, Kettenschaltung, Scheibenbremsen<\/p>\n\t\t\t\t\t<\/div>\r\n\t\t\t\t\t\t\t\t\t<div class=\"vrilistitemcarats\"><ul class=\"vriulcarats\">\n<li>Mountainbike<\/li>\n<li>Herrenrad<\/li>\n<\/ul>\n<\/div>\r\n\t\t\t\t\t\t\t\t\t<\/div>\r\n\t\t\t<\/div>\r\n\t\t\t<div class=\"vri-list-item-cont\">\r\n\t\t\t\t<div class=\"vrilistcostdivcont\">\r\n\t\t\t\t\t\t\t\t\t\t<div class=\"vrilistdivcost\">\r\n\t\t\t\t\t\t<span class=\"vriliststartfrom\">Starting From<\/span>\r\n\t\t\t\t\t\t<span class=\"item_cost\">\u20ac 19,00<\/span>\r\n\t\t\t\t\t\t<span class=\"vriliststartfromtext\">per Day<\/span>\r\n\t\t\t\t\t<\/div>\r\n\t\t\t\t\t\t\t\t\t\t<span class=\"vrilistgoonlist\"><a href=\"https:\/\/cycle-leipzig.com\/fr\/louer-des-velos-chez-cycle-leipzig-de\/?option=com_vikrentitems&amp;view=itemdetails&amp;elemid=7\">View Details<\/a><\/span>\r\n\t\t\t\t<\/div>\r\n\t\t\t<\/div>\r\n\t\t<\/div>\r\n\t\t\t<div class=\"vri-list-item-block\">\r\n\t\t\t<div class=\"vri-list-item-inner\">\r\n\t\t\t\t\t\t\t<div class=\"vri-list-item-img\">\r\n\t\t\t\t\t<img decoding=\"async\" src=\"https:\/\/cycle-leipzig.com\/wp-content\/plugins\/vikrentitems\/admin\/resources\/vthumb_r_1fahrrad_trekking_diagonal.png\" alt=\"\" class=\"vrilistimg\"\/>\r\n\t\t\t\t<\/div>\r\n\t\t\t\t\t\t\t\t<div class=\"vri-list-item-descr\">\r\n\t\t\t\t\t<span class=\"vrilistitemname\">Trekkingrad 28 Zoll<\/span>\r\n\t\t\t\t\t<span class=\"vrilistitemcat\">Fahrrad (ohne Motor)<\/span>\r\n\t\t\t\t\t<div class=\"vrilistitemdescr\">\r\n\t\t\t\t\t\t<p>K\u00f6rpergr\u00f6\u00dfe: 1,70m - 1,90, Kettenschaltung, Scheibenbremsen<\/p>\n\t\t\t\t\t<\/div>\r\n\t\t\t\t\t\t\t\t\t<div class=\"vrilistitemcarats\"><ul class=\"vriulcarats\">\n<li>Herrenrad<\/li>\n<\/ul>\n<\/div>\r\n\t\t\t\t\t\t\t\t\t<\/div>\r\n\t\t\t<\/div>\r\n\t\t\t<div class=\"vri-list-item-cont\">\r\n\t\t\t\t<div class=\"vrilistcostdivcont\">\r\n\t\t\t\t\t\t\t\t\t\t<div class=\"vrilistdivcost\">\r\n\t\t\t\t\t\t<span class=\"vriliststartfrom\">Starting From<\/span>\r\n\t\t\t\t\t\t<span class=\"item_cost\">\u20ac 19,00<\/span>\r\n\t\t\t\t\t\t<span class=\"vriliststartfromtext\">per Day<\/span>\r\n\t\t\t\t\t<\/div>\r\n\t\t\t\t\t\t\t\t\t\t<span class=\"vrilistgoonlist\"><a href=\"https:\/\/cycle-leipzig.com\/fr\/louer-des-velos-chez-cycle-leipzig-de\/?option=com_vikrentitems&amp;view=itemdetails&amp;elemid=8\">View Details<\/a><\/span>\r\n\t\t\t\t<\/div>\r\n\t\t\t<\/div>\r\n\t\t<\/div>\r\n\t\t<\/div>\r\n\r\n<\/div>\r\n\n<\/div>\n\n","protected":false},"excerpt":{"rendered":"","protected":false},"author":1,"featured_media":450,"parent":0,"menu_order":0,"comment_status":"closed","ping_status":"closed","template":"","meta":{"_kad_post_transparent":"","_kad_post_title":"","_kad_post_layout":"","_kad_post_sidebar_id":"","_kad_post_content_style":"","_kad_post_vertical_padding":"","_kad_post_feature":"","_kad_post_feature_position":"","_kad_post_header":false,"_kad_post_footer":false,"footnotes":""},"class_list":["post-522","page","type-page","status-publish","has-post-thumbnail","hentry"],"yoast_head":"<!-- This site is optimized with the Yoast SEO plugin v21.9.1 - https:\/\/yoast.com\/wordpress\/plugins\/seo\/ -->\n<title>Louer des v\u00e9los chez Cycle-Leipzig.de - Cycle-Leipzig.de - Rent a Bike<\/title>\n<meta name=\"robots\" content=\"noindex, follow, max-snippet:-1, max-image-preview:large, max-video-preview:-1\" \/>\n<meta property=\"og:locale\" content=\"fr_FR\" \/>\n<meta property=\"og:type\" content=\"article\" \/>\n<meta property=\"og:title\" content=\"Louer des v\u00e9los chez Cycle-Leipzig.de - Cycle-Leipzig.de - Rent a Bike\" \/>\n<meta property=\"og:url\" content=\"https:\/\/cycle-leipzig.com\/fr\/louer-des-velos-chez-cycle-leipzig-de\/\" \/>\n<meta property=\"og:site_name\" content=\"Cycle-Leipzig.de - Rent a Bike\" \/>\n<meta name=\"twitter:card\" content=\"summary_large_image\" \/>\n<script type=\"application\/ld+json\" class=\"yoast-schema-graph\">{\"@context\":\"https:\/\/schema.org\",\"@graph\":[{\"@type\":\"WebPage\",\"@id\":\"https:\/\/cycle-leipzig.com\/fr\/louer-des-velos-chez-cycle-leipzig-de\/\",\"url\":\"https:\/\/cycle-leipzig.com\/fr\/louer-des-velos-chez-cycle-leipzig-de\/\",\"name\":\"Louer des v\u00e9los chez Cycle-Leipzig.de - Cycle-Leipzig.de - Rent a Bike\",\"isPartOf\":{\"@id\":\"https:\/\/cycle-leipzig.com\/fr\/#website\"},\"datePublished\":\"2023-06-28T16:33:57+00:00\",\"dateModified\":\"2023-06-28T16:33:57+00:00\",\"breadcrumb\":{\"@id\":\"https:\/\/cycle-leipzig.com\/fr\/louer-des-velos-chez-cycle-leipzig-de\/#breadcrumb\"},\"inLanguage\":\"fr-FR\",\"potentialAction\":[{\"@type\":\"ReadAction\",\"target\":[\"https:\/\/cycle-leipzig.com\/fr\/louer-des-velos-chez-cycle-leipzig-de\/\"]}]},{\"@type\":\"BreadcrumbList\",\"@id\":\"https:\/\/cycle-leipzig.com\/fr\/louer-des-velos-chez-cycle-leipzig-de\/#breadcrumb\",\"itemListElement\":[{\"@type\":\"ListItem\",\"position\":1,\"name\":\"Startseite\",\"item\":\"https:\/\/cycle-leipzig.com\/fr\/home\/\"},{\"@type\":\"ListItem\",\"position\":2,\"name\":\"Louer des v\u00e9los chez Cycle-Leipzig.de\"}]},{\"@type\":\"WebSite\",\"@id\":\"https:\/\/cycle-leipzig.com\/fr\/#website\",\"url\":\"https:\/\/cycle-leipzig.com\/fr\/\",\"name\":\"Cycle-Leipzig.de - Rent a Bike\",\"description\":\"eBike &amp; Fahrrad mieten in Leipzig Zentrum\",\"publisher\":{\"@id\":\"https:\/\/cycle-leipzig.com\/fr\/#organization\"},\"alternateName\":\"Fahrrad oder E-Bike mieten im Zentrum von Leipzig\",\"potentialAction\":[{\"@type\":\"SearchAction\",\"target\":{\"@type\":\"EntryPoint\",\"urlTemplate\":\"https:\/\/cycle-leipzig.com\/fr\/?s={search_term_string}\"},\"query-input\":\"required name=search_term_string\"}],\"inLanguage\":\"fr-FR\"},{\"@type\":\"Organization\",\"@id\":\"https:\/\/cycle-leipzig.com\/fr\/#organization\",\"name\":\"Cycle-Leipzig.de powerd by eBike-Haus.de GmbH\",\"url\":\"https:\/\/cycle-leipzig.com\/fr\/\",\"logo\":{\"@type\":\"ImageObject\",\"inLanguage\":\"fr-FR\",\"@id\":\"https:\/\/cycle-leipzig.com\/fr\/#\/schema\/logo\/image\/\",\"url\":\"https:\/\/cycle-leipzig.com\/wp-content\/uploads\/2023\/09\/Cycle-Leipzig_Logo.png\",\"contentUrl\":\"https:\/\/cycle-leipzig.com\/wp-content\/uploads\/2023\/09\/Cycle-Leipzig_Logo.png\",\"width\":2000,\"height\":1576,\"caption\":\"Cycle-Leipzig.de powerd by eBike-Haus.de GmbH\"},\"image\":{\"@id\":\"https:\/\/cycle-leipzig.com\/fr\/#\/schema\/logo\/image\/\"}}]}<\/script>\n<!-- \/ Yoast SEO plugin. -->","yoast_head_json":{"title":"Louer des v\u00e9los chez Cycle-Leipzig.de - Cycle-Leipzig.de - Rent a Bike","robots":{"index":"noindex","follow":"follow","max-snippet":"max-snippet:-1","max-image-preview":"max-image-preview:large","max-video-preview":"max-video-preview:-1"},"og_locale":"fr_FR","og_type":"article","og_title":"Louer des v\u00e9los chez Cycle-Leipzig.de - Cycle-Leipzig.de - Rent a Bike","og_url":"https:\/\/cycle-leipzig.com\/fr\/louer-des-velos-chez-cycle-leipzig-de\/","og_site_name":"Cycle-Leipzig.de - Rent a Bike","twitter_card":"summary_large_image","schema":{"@context":"https:\/\/schema.org","@graph":[{"@type":"WebPage","@id":"https:\/\/cycle-leipzig.com\/fr\/louer-des-velos-chez-cycle-leipzig-de\/","url":"https:\/\/cycle-leipzig.com\/fr\/louer-des-velos-chez-cycle-leipzig-de\/","name":"Louer des v\u00e9los chez Cycle-Leipzig.de - Cycle-Leipzig.de - Rent a Bike","isPartOf":{"@id":"https:\/\/cycle-leipzig.com\/fr\/#website"},"datePublished":"2023-06-28T16:33:57+00:00","dateModified":"2023-06-28T16:33:57+00:00","breadcrumb":{"@id":"https:\/\/cycle-leipzig.com\/fr\/louer-des-velos-chez-cycle-leipzig-de\/#breadcrumb"},"inLanguage":"fr-FR","potentialAction":[{"@type":"ReadAction","target":["https:\/\/cycle-leipzig.com\/fr\/louer-des-velos-chez-cycle-leipzig-de\/"]}]},{"@type":"BreadcrumbList","@id":"https:\/\/cycle-leipzig.com\/fr\/louer-des-velos-chez-cycle-leipzig-de\/#breadcrumb","itemListElement":[{"@type":"ListItem","position":1,"name":"Startseite","item":"https:\/\/cycle-leipzig.com\/fr\/home\/"},{"@type":"ListItem","position":2,"name":"Louer des v\u00e9los chez Cycle-Leipzig.de"}]},{"@type":"WebSite","@id":"https:\/\/cycle-leipzig.com\/fr\/#website","url":"https:\/\/cycle-leipzig.com\/fr\/","name":"Cycle-Leipzig.de - Rent a Bike","description":"eBike &amp; Fahrrad mieten in Leipzig Zentrum","publisher":{"@id":"https:\/\/cycle-leipzig.com\/fr\/#organization"},"alternateName":"Fahrrad oder E-Bike mieten im Zentrum von Leipzig","potentialAction":[{"@type":"SearchAction","target":{"@type":"EntryPoint","urlTemplate":"https:\/\/cycle-leipzig.com\/fr\/?s={search_term_string}"},"query-input":"required name=search_term_string"}],"inLanguage":"fr-FR"},{"@type":"Organization","@id":"https:\/\/cycle-leipzig.com\/fr\/#organization","name":"Cycle-Leipzig.de powerd by eBike-Haus.de GmbH","url":"https:\/\/cycle-leipzig.com\/fr\/","logo":{"@type":"ImageObject","inLanguage":"fr-FR","@id":"https:\/\/cycle-leipzig.com\/fr\/#\/schema\/logo\/image\/","url":"https:\/\/cycle-leipzig.com\/wp-content\/uploads\/2023\/09\/Cycle-Leipzig_Logo.png","contentUrl":"https:\/\/cycle-leipzig.com\/wp-content\/uploads\/2023\/09\/Cycle-Leipzig_Logo.png","width":2000,"height":1576,"caption":"Cycle-Leipzig.de powerd by eBike-Haus.de GmbH"},"image":{"@id":"https:\/\/cycle-leipzig.com\/fr\/#\/schema\/logo\/image\/"}}]}},"_links":{"self":[{"href":"https:\/\/cycle-leipzig.com\/fr\/wp-json\/wp\/v2\/pages\/522","targetHints":{"allow":["GET"]}}],"collection":[{"href":"https:\/\/cycle-leipzig.com\/fr\/wp-json\/wp\/v2\/pages"}],"about":[{"href":"https:\/\/cycle-leipzig.com\/fr\/wp-json\/wp\/v2\/types\/page"}],"author":[{"embeddable":true,"href":"https:\/\/cycle-leipzig.com\/fr\/wp-json\/wp\/v2\/users\/1"}],"replies":[{"embeddable":true,"href":"https:\/\/cycle-leipzig.com\/fr\/wp-json\/wp\/v2\/comments?post=522"}],"version-history":[{"count":0,"href":"https:\/\/cycle-leipzig.com\/fr\/wp-json\/wp\/v2\/pages\/522\/revisions"}],"wp:featuredmedia":[{"embeddable":true,"href":"https:\/\/cycle-leipzig.com\/fr\/wp-json\/wp\/v2\/media\/450"}],"wp:attachment":[{"href":"https:\/\/cycle-leipzig.com\/fr\/wp-json\/wp\/v2\/media?parent=522"}],"curies":[{"name":"wp","href":"https:\/\/api.w.org\/{rel}","templated":true}]}}