{"id":532,"date":"2023-06-17T17:38:04","date_gmt":"2023-06-17T15:38:04","guid":{"rendered":"https:\/\/cycle-leipzig.com\/mentions-legales\/"},"modified":"2024-01-03T12:26:25","modified_gmt":"2024-01-03T11:26:25","slug":"mentions-legales","status":"publish","type":"page","link":"https:\/\/cycle-leipzig.com\/fr\/mentions-legales\/","title":{"rendered":"Mentions l\u00e9gales"},"content":{"rendered":"\n<h2 class=\"wp-block-heading\">Contact<\/h2>\n\n<p>Identification l\u00e9gale du fournisseur :<\/p>\n\n<p><strong>Cycle-Leipzig.de est la location de v\u00e9los et de v\u00e9los \u00e9lectriques<\/strong><br\/><br\/>21, place Johannis<br\/>04103 Leipzig<br\/>repr\u00e9sent\u00e9e par d. le directeur g\u00e9n\u00e9ral W. Schlicht<br\/>T\u00e9l\u00e9phone : 0341 97852530<br\/>Courrier \u00e9lectronique : <a rel=\"noreferrer noopener\" href=\"mailto:Cycle-Leipzig@eBike-Haus.de\" target=\"_blank\">Cycle-Leipzig@eBike-Haus.de<\/a><br\/>Num\u00e9ro de TVA : DE340468638<br\/>inscrite au registre du commerce du tribunal d&rsquo;instance de Leipzig<br\/>Num\u00e9ro de registre du commerce HRB 38554<\/p>\n\n<p>Responsable du contenu conform\u00e9ment au \u00a7 18 al. 2 MStV :<br\/>Monsieur W. Schlicht<br\/>21, place Johannis<br\/>04103 Leipzig<br\/>Allemagne<\/p>\n\n<p>R\u00e8glement alternatif des litiges :<br\/>La Commission europ\u00e9enne met \u00e0 disposition une plateforme de r\u00e8glement extrajudiciaire des litiges en ligne (plateforme RLL), accessible \u00e0 l&rsquo;adresse <a href=\"https:\/\/ec.europa.eu\/odr\" target=\"_blank\" rel=\"noreferrer noopener\">suivante : https:\/\/ec.europa.eu\/odr.<\/a><\/p>\n","protected":false},"excerpt":{"rendered":"<p>Contact Identification l\u00e9gale du fournisseur : Cycle-Leipzig.de est la location de v\u00e9los et de v\u00e9los \u00e9lectriques 21, place Johannis04103 Leipzigrepr\u00e9sent\u00e9e par d. le directeur g\u00e9n\u00e9ral W. SchlichtT\u00e9l\u00e9phone : 0341 97852530Courrier \u00e9lectronique : Cycle-Leipzig@eBike-Haus.deNum\u00e9ro de TVA : DE340468638inscrite au registre du commerce du tribunal d&rsquo;instance de LeipzigNum\u00e9ro de registre du commerce HRB 38554 Responsable du contenu&#8230;<\/p>\n","protected":false},"author":1,"featured_media":0,"parent":0,"menu_order":0,"comment_status":"closed","ping_status":"closed","template":"page-templates\/page-notitle.php","meta":{"_kad_post_transparent":"","_kad_post_title":"","_kad_post_layout":"","_kad_post_sidebar_id":"","_kad_post_content_style":"","_kad_post_vertical_padding":"","_kad_post_feature":"","_kad_post_feature_position":"","_kad_post_header":false,"_kad_post_footer":false,"footnotes":""},"class_list":["post-532","page","type-page","status-publish","hentry"],"yoast_head":"<!-- This site is optimized with the Yoast SEO plugin v21.9.1 - https:\/\/yoast.com\/wordpress\/plugins\/seo\/ -->\n<title>Mentions l\u00e9gales - Cycle-Leipzig.de - Rent a Bike<\/title>\n<meta name=\"robots\" content=\"noindex, follow, max-snippet:-1, max-image-preview:large, max-video-preview:-1\" \/>\n<meta property=\"og:locale\" content=\"fr_FR\" \/>\n<meta property=\"og:type\" content=\"article\" \/>\n<meta property=\"og:title\" content=\"Mentions l\u00e9gales - Cycle-Leipzig.de - Rent a Bike\" \/>\n<meta property=\"og:description\" content=\"Contact Identification l\u00e9gale du fournisseur : Cycle-Leipzig.de est la location de v\u00e9los et de v\u00e9los \u00e9lectriques 21, place Johannis04103 Leipzigrepr\u00e9sent\u00e9e par d. le directeur g\u00e9n\u00e9ral W. SchlichtT\u00e9l\u00e9phone : 0341 97852530Courrier \u00e9lectronique : Cycle-Leipzig@eBike-Haus.deNum\u00e9ro de TVA : DE340468638inscrite au registre du commerce du tribunal d&rsquo;instance de LeipzigNum\u00e9ro de registre du commerce HRB 38554 Responsable du contenu...\" \/>\n<meta property=\"og:url\" content=\"https:\/\/cycle-leipzig.com\/fr\/mentions-legales\/\" \/>\n<meta property=\"og:site_name\" content=\"Cycle-Leipzig.de - Rent a Bike\" \/>\n<meta property=\"article:modified_time\" content=\"2024-01-03T11:26:25+00:00\" \/>\n<meta name=\"twitter:card\" content=\"summary_large_image\" \/>\n<meta name=\"twitter:label1\" content=\"Dur\u00e9e de lecture estim\u00e9e\" \/>\n\t<meta name=\"twitter:data1\" content=\"1 minute\" \/>\n<script type=\"application\/ld+json\" class=\"yoast-schema-graph\">{\"@context\":\"https:\/\/schema.org\",\"@graph\":[{\"@type\":\"WebPage\",\"@id\":\"https:\/\/cycle-leipzig.com\/fr\/mentions-legales\/\",\"url\":\"https:\/\/cycle-leipzig.com\/fr\/mentions-legales\/\",\"name\":\"Mentions l\u00e9gales - Cycle-Leipzig.de - Rent a Bike\",\"isPartOf\":{\"@id\":\"https:\/\/cycle-leipzig.com\/fr\/#website\"},\"datePublished\":\"2023-06-17T15:38:04+00:00\",\"dateModified\":\"2024-01-03T11:26:25+00:00\",\"breadcrumb\":{\"@id\":\"https:\/\/cycle-leipzig.com\/fr\/mentions-legales\/#breadcrumb\"},\"inLanguage\":\"fr-FR\",\"potentialAction\":[{\"@type\":\"ReadAction\",\"target\":[\"https:\/\/cycle-leipzig.com\/fr\/mentions-legales\/\"]}]},{\"@type\":\"BreadcrumbList\",\"@id\":\"https:\/\/cycle-leipzig.com\/fr\/mentions-legales\/#breadcrumb\",\"itemListElement\":[{\"@type\":\"ListItem\",\"position\":1,\"name\":\"Startseite\",\"item\":\"https:\/\/cycle-leipzig.com\/fr\/home\/\"},{\"@type\":\"ListItem\",\"position\":2,\"name\":\"Mentions l\u00e9gales\"}]},{\"@type\":\"WebSite\",\"@id\":\"https:\/\/cycle-leipzig.com\/fr\/#website\",\"url\":\"https:\/\/cycle-leipzig.com\/fr\/\",\"name\":\"Cycle-Leipzig.de - Rent a Bike\",\"description\":\"eBike &amp; Fahrrad mieten in Leipzig Zentrum\",\"publisher\":{\"@id\":\"https:\/\/cycle-leipzig.com\/fr\/#organization\"},\"alternateName\":\"Fahrrad oder E-Bike mieten im Zentrum von Leipzig\",\"potentialAction\":[{\"@type\":\"SearchAction\",\"target\":{\"@type\":\"EntryPoint\",\"urlTemplate\":\"https:\/\/cycle-leipzig.com\/fr\/?s={search_term_string}\"},\"query-input\":\"required name=search_term_string\"}],\"inLanguage\":\"fr-FR\"},{\"@type\":\"Organization\",\"@id\":\"https:\/\/cycle-leipzig.com\/fr\/#organization\",\"name\":\"Cycle-Leipzig.de powerd by eBike-Haus.de GmbH\",\"url\":\"https:\/\/cycle-leipzig.com\/fr\/\",\"logo\":{\"@type\":\"ImageObject\",\"inLanguage\":\"fr-FR\",\"@id\":\"https:\/\/cycle-leipzig.com\/fr\/#\/schema\/logo\/image\/\",\"url\":\"https:\/\/cycle-leipzig.com\/wp-content\/uploads\/2023\/09\/Cycle-Leipzig_Logo.png\",\"contentUrl\":\"https:\/\/cycle-leipzig.com\/wp-content\/uploads\/2023\/09\/Cycle-Leipzig_Logo.png\",\"width\":2000,\"height\":1576,\"caption\":\"Cycle-Leipzig.de powerd by eBike-Haus.de GmbH\"},\"image\":{\"@id\":\"https:\/\/cycle-leipzig.com\/fr\/#\/schema\/logo\/image\/\"}}]}<\/script>\n<!-- \/ Yoast SEO plugin. -->","yoast_head_json":{"title":"Mentions l\u00e9gales - Cycle-Leipzig.de - Rent a Bike","robots":{"index":"noindex","follow":"follow","max-snippet":"max-snippet:-1","max-image-preview":"max-image-preview:large","max-video-preview":"max-video-preview:-1"},"og_locale":"fr_FR","og_type":"article","og_title":"Mentions l\u00e9gales - Cycle-Leipzig.de - Rent a Bike","og_description":"Contact Identification l\u00e9gale du fournisseur : Cycle-Leipzig.de est la location de v\u00e9los et de v\u00e9los \u00e9lectriques 21, place Johannis04103 Leipzigrepr\u00e9sent\u00e9e par d. le directeur g\u00e9n\u00e9ral W. SchlichtT\u00e9l\u00e9phone : 0341 97852530Courrier \u00e9lectronique : Cycle-Leipzig@eBike-Haus.deNum\u00e9ro de TVA : DE340468638inscrite au registre du commerce du tribunal d&rsquo;instance de LeipzigNum\u00e9ro de registre du commerce HRB 38554 Responsable du contenu...","og_url":"https:\/\/cycle-leipzig.com\/fr\/mentions-legales\/","og_site_name":"Cycle-Leipzig.de - Rent a Bike","article_modified_time":"2024-01-03T11:26:25+00:00","twitter_card":"summary_large_image","twitter_misc":{"Dur\u00e9e de lecture estim\u00e9e":"1 minute"},"schema":{"@context":"https:\/\/schema.org","@graph":[{"@type":"WebPage","@id":"https:\/\/cycle-leipzig.com\/fr\/mentions-legales\/","url":"https:\/\/cycle-leipzig.com\/fr\/mentions-legales\/","name":"Mentions l\u00e9gales - Cycle-Leipzig.de - Rent a Bike","isPartOf":{"@id":"https:\/\/cycle-leipzig.com\/fr\/#website"},"datePublished":"2023-06-17T15:38:04+00:00","dateModified":"2024-01-03T11:26:25+00:00","breadcrumb":{"@id":"https:\/\/cycle-leipzig.com\/fr\/mentions-legales\/#breadcrumb"},"inLanguage":"fr-FR","potentialAction":[{"@type":"ReadAction","target":["https:\/\/cycle-leipzig.com\/fr\/mentions-legales\/"]}]},{"@type":"BreadcrumbList","@id":"https:\/\/cycle-leipzig.com\/fr\/mentions-legales\/#breadcrumb","itemListElement":[{"@type":"ListItem","position":1,"name":"Startseite","item":"https:\/\/cycle-leipzig.com\/fr\/home\/"},{"@type":"ListItem","position":2,"name":"Mentions l\u00e9gales"}]},{"@type":"WebSite","@id":"https:\/\/cycle-leipzig.com\/fr\/#website","url":"https:\/\/cycle-leipzig.com\/fr\/","name":"Cycle-Leipzig.de - Rent a Bike","description":"eBike &amp; Fahrrad mieten in Leipzig Zentrum","publisher":{"@id":"https:\/\/cycle-leipzig.com\/fr\/#organization"},"alternateName":"Fahrrad oder E-Bike mieten im Zentrum von Leipzig","potentialAction":[{"@type":"SearchAction","target":{"@type":"EntryPoint","urlTemplate":"https:\/\/cycle-leipzig.com\/fr\/?s={search_term_string}"},"query-input":"required name=search_term_string"}],"inLanguage":"fr-FR"},{"@type":"Organization","@id":"https:\/\/cycle-leipzig.com\/fr\/#organization","name":"Cycle-Leipzig.de powerd by eBike-Haus.de GmbH","url":"https:\/\/cycle-leipzig.com\/fr\/","logo":{"@type":"ImageObject","inLanguage":"fr-FR","@id":"https:\/\/cycle-leipzig.com\/fr\/#\/schema\/logo\/image\/","url":"https:\/\/cycle-leipzig.com\/wp-content\/uploads\/2023\/09\/Cycle-Leipzig_Logo.png","contentUrl":"https:\/\/cycle-leipzig.com\/wp-content\/uploads\/2023\/09\/Cycle-Leipzig_Logo.png","width":2000,"height":1576,"caption":"Cycle-Leipzig.de powerd by eBike-Haus.de GmbH"},"image":{"@id":"https:\/\/cycle-leipzig.com\/fr\/#\/schema\/logo\/image\/"}}]}},"_links":{"self":[{"href":"https:\/\/cycle-leipzig.com\/fr\/wp-json\/wp\/v2\/pages\/532","targetHints":{"allow":["GET"]}}],"collection":[{"href":"https:\/\/cycle-leipzig.com\/fr\/wp-json\/wp\/v2\/pages"}],"about":[{"href":"https:\/\/cycle-leipzig.com\/fr\/wp-json\/wp\/v2\/types\/page"}],"author":[{"embeddable":true,"href":"https:\/\/cycle-leipzig.com\/fr\/wp-json\/wp\/v2\/users\/1"}],"replies":[{"embeddable":true,"href":"https:\/\/cycle-leipzig.com\/fr\/wp-json\/wp\/v2\/comments?post=532"}],"version-history":[{"count":3,"href":"https:\/\/cycle-leipzig.com\/fr\/wp-json\/wp\/v2\/pages\/532\/revisions"}],"predecessor-version":[{"id":542,"href":"https:\/\/cycle-leipzig.com\/fr\/wp-json\/wp\/v2\/pages\/532\/revisions\/542"}],"wp:attachment":[{"href":"https:\/\/cycle-leipzig.com\/fr\/wp-json\/wp\/v2\/media?parent=532"}],"curies":[{"name":"wp","href":"https:\/\/api.w.org\/{rel}","templated":true}]}}